{"id":304,"date":"2024-03-17T14:27:50","date_gmt":"2024-03-17T14:27:50","guid":{"rendered":"https:\/\/www.foreverqueenbrand.com\/about-us\/"},"modified":"2024-03-17T17:36:02","modified_gmt":"2024-03-17T17:36:02","slug":"hakkimizda","status":"publish","type":"page","link":"https:\/\/www.foreverqueenbrand.com\/tr\/hakkimizda\/","title":{"rendered":"Hakk\u0131m\u0131zda"},"content":{"rendered":"\t\t<div data-elementor-type=\"wp-page\" data-elementor-id=\"304\" class=\"elementor elementor-304 elementor-172\" data-elementor-post-type=\"page\">\n\t\t\t\t<div class=\"wd-negative-gap elementor-element elementor-element-597f047c e-flex e-con-boxed e-con e-parent\" data-id=\"597f047c\" data-element_type=\"container\" data-e-type=\"container\">\n\t\t\t\t\t<div class=\"e-con-inner\">\n\t\t<div class=\"elementor-element elementor-element-1f126b36 e-con-full e-flex e-con e-child\" data-id=\"1f126b36\" data-element_type=\"container\" data-e-type=\"container\">\n\t\t\t\t<div class=\"elementor-element elementor-element-6ff9cca8 elementor-widget elementor-widget-wd_image_or_svg\" data-id=\"6ff9cca8\" data-element_type=\"widget\" data-e-type=\"widget\" data-widget_type=\"wd_image_or_svg.default\">\n\t\t\t\t<div class=\"elementor-widget-container\">\n\t\t\t\t\t\n\t\t<div class=\"wd-image text-left\">\n\t\t\t\t\t\t\t\t<img fetchpriority=\"high\" decoding=\"async\" width=\"1000\" height=\"1003\" src=\"https:\/\/www.foreverqueenbrand.com\/wp-content\/uploads\/2024\/03\/about-us.jpg\" class=\"attachment-full size-full\" alt=\"\" srcset=\"https:\/\/www.foreverqueenbrand.com\/wp-content\/uploads\/2024\/03\/about-us.jpg 1000w, https:\/\/www.foreverqueenbrand.com\/wp-content\/uploads\/2024\/03\/about-us-150x150.jpg 150w, https:\/\/www.foreverqueenbrand.com\/wp-content\/uploads\/2024\/03\/about-us-600x602.jpg 600w, https:\/\/www.foreverqueenbrand.com\/wp-content\/uploads\/2024\/03\/about-us-300x300.jpg 300w, https:\/\/www.foreverqueenbrand.com\/wp-content\/uploads\/2024\/03\/about-us-768x770.jpg 768w\" sizes=\"(max-width: 1000px) 100vw, 1000px\" \/>\t\t\t\t\t<\/div>\n\n\t\t\t\t\t\t<\/div>\n\t\t\t\t<\/div>\n\t\t\t\t<\/div>\n\t\t<div class=\"elementor-element elementor-element-68b8451e e-con-full e-flex e-con e-child\" data-id=\"68b8451e\" data-element_type=\"container\" data-e-type=\"container\">\n\t\t\t\t<div class=\"elementor-element elementor-element-353da29f wd-width-100 elementor-widget elementor-widget-wd_title\" data-id=\"353da29f\" data-element_type=\"widget\" data-e-type=\"widget\" data-widget_type=\"wd_title.default\">\n\t\t\t\t<div class=\"elementor-widget-container\">\n\t\t\t\t\t\t\t<div class=\"title-wrapper wd-set-mb reset-last-child wd-title-color-default wd-title-style-bordered wd-title-size-default text-center\">\n\n\t\t\t\n\t\t\t<div class=\"liner-continer\">\n\t\t\t\t<h4 class=\"woodmart-title-container title wd-fontsize-l\">Hakk\u0131m\u0131zda<\/h4> \n\t\t\t\t\t\t\t<\/div>\n\n\t\t\t\t\t<\/div>\n\t\t\t\t\t\t<\/div>\n\t\t\t\t<\/div>\n\t\t\t\t<div class=\"elementor-element elementor-element-4176db23 color-scheme-inherit text-left elementor-widget elementor-widget-text-editor\" data-id=\"4176db23\" data-element_type=\"widget\" data-e-type=\"widget\" data-widget_type=\"text-editor.default\">\n\t\t\t\t<div class=\"elementor-widget-container\">\n\t\t\t\t\t\t\t\t\t<p>Forever Queen&#8217;in d\u00fcnyas\u0131na ho\u015f geldiniz!<\/p><p>Orijinal tasar\u0131mlardan kendi fabrikam\u0131zda \u00fcretime kadar tam d\u00f6ng\u00fcl\u00fc \u00fcreticileriz. Bu, al\u0131c\u0131ya ek fiyat fark\u0131 koymadan \u00fcst\u00fcn kaliteli ayakkab\u0131lar\u0131 makul bir fiyata satmam\u0131za olanak tan\u0131r.<\/p><p>Tasar\u0131mc\u0131 kadromuz her g\u00fcn k\u00fcresel trendleri takip ederek en k\u0131sa s\u00fcrede yeni modeller yarat\u0131yor. Mevsimlere s\u0131k\u0131 s\u0131k\u0131ya ba\u011fl\u0131 de\u011filiz; her zaman her duruma uygun ayakkab\u0131lar\u0131m\u0131z var. \u00dcr\u00fcn yelpazemizi her ay modaya uygun yeni \u00fcr\u00fcnlerle g\u00fcncelliyoruz ve sizin i\u00e7in her zaman geni\u015f bir klasik yelpazesi sunuyoruz.<\/p><p>Her bir \u00e7ift ayakkab\u0131, sizin i\u00e7in en rahat ve kullan\u0131\u015fl\u0131 modelleri yapan, uzun y\u0131llara dayanan deneyime sahip b\u00fcy\u00fck bir usta ekibinin eseridir.<\/p><p>Deri ve bile\u015fenlerini en iyi T\u00fcrk ve \u0130talyan \u00fcreticilerden sat\u0131n al\u0131yoruz, b\u00f6ylece ayakkab\u0131lar\u0131m\u0131z size bir sezondan fazla dayanacak ve g\u00f6r\u00fcn\u00fcm\u00fcn\u00fc uzun s\u00fcre koruyacakt\u0131r.<\/p><p>T\u00fcm modeller fabrikadan g\u00f6nderilmeden \u00f6nce iki kez kalite kontrol\u00fcnden ge\u00e7irilir, bu da kusur y\u00fczdesini en aza indirir. \u00dcreticiler olarak \u00fcr\u00fcnlerimizin kalitesine g\u00fcveniyoruz, bu nedenle al\u0131c\u0131lara 90 g\u00fcnl\u00fck garanti veriyoruz!<\/p><p>Kad\u0131nl\u0131\u011f\u0131n\u0131z emin ellerde!<\/p>\t\t\t\t\t\t\t\t<\/div>\n\t\t\t\t<\/div>\n\t\t\t\t<\/div>\n\t\t\t\t\t<\/div>\n\t\t\t\t<\/div>\n\t\t\t\t<\/div>\n\t\t","protected":false},"excerpt":{"rendered":"<p>Hakk\u0131m\u0131zda Forever Queen&#8217;in d\u00fcnyas\u0131na ho\u015f geldiniz! Orijinal tasar\u0131mlardan kendi fabrikam\u0131zda \u00fcretime kadar tam d\u00f6ng\u00fcl\u00fc \u00fcreticileriz. Bu, al\u0131c\u0131ya ek fiyat fark\u0131<\/p>\n","protected":false},"author":1,"featured_media":0,"parent":0,"menu_order":0,"comment_status":"closed","ping_status":"closed","template":"elementor_header_footer","meta":{"footnotes":""},"class_list":["post-304","page","type-page","status-publish","hentry"],"_links":{"self":[{"href":"https:\/\/www.foreverqueenbrand.com\/tr\/wp-json\/wp\/v2\/pages\/304","targetHints":{"allow":["GET"]}}],"collection":[{"href":"https:\/\/www.foreverqueenbrand.com\/tr\/wp-json\/wp\/v2\/pages"}],"about":[{"href":"https:\/\/www.foreverqueenbrand.com\/tr\/wp-json\/wp\/v2\/types\/page"}],"author":[{"embeddable":true,"href":"https:\/\/www.foreverqueenbrand.com\/tr\/wp-json\/wp\/v2\/users\/1"}],"replies":[{"embeddable":true,"href":"https:\/\/www.foreverqueenbrand.com\/tr\/wp-json\/wp\/v2\/comments?post=304"}],"version-history":[{"count":4,"href":"https:\/\/www.foreverqueenbrand.com\/tr\/wp-json\/wp\/v2\/pages\/304\/revisions"}],"predecessor-version":[{"id":353,"href":"https:\/\/www.foreverqueenbrand.com\/tr\/wp-json\/wp\/v2\/pages\/304\/revisions\/353"}],"wp:attachment":[{"href":"https:\/\/www.foreverqueenbrand.com\/tr\/wp-json\/wp\/v2\/media?parent=304"}],"curies":[{"name":"wp","href":"https:\/\/api.w.org\/{rel}","templated":true}]}}