{"id":321,"date":"2024-03-17T14:45:55","date_gmt":"2024-03-17T14:45:55","guid":{"rendered":"https:\/\/www.foreverqueenbrand.com\/contact-us\/"},"modified":"2025-04-12T10:01:07","modified_gmt":"2025-04-12T10:01:07","slug":"bize-ulasin","status":"publish","type":"page","link":"https:\/\/www.foreverqueenbrand.com\/tr\/bize-ulasin\/","title":{"rendered":"Bize Ula\u015f\u0131n"},"content":{"rendered":"\t\t<div data-elementor-type=\"wp-page\" data-elementor-id=\"321\" class=\"elementor elementor-321 elementor-207\" data-elementor-post-type=\"page\">\n\t\t\t\t<div class=\"wd-negative-gap elementor-element elementor-element-7448ee7a e-flex e-con-boxed e-con e-parent\" data-id=\"7448ee7a\" data-element_type=\"container\" data-e-type=\"container\">\n\t\t\t\t\t<div class=\"e-con-inner\">\n\t\t<div class=\"elementor-element elementor-element-509806fe e-con-full e-flex e-con e-child\" data-id=\"509806fe\" data-element_type=\"container\" data-e-type=\"container\">\n\t\t\t\t<div class=\"elementor-element elementor-element-78d8d042 wd-width-100 elementor-widget elementor-widget-wd_title\" data-id=\"78d8d042\" data-element_type=\"widget\" data-e-type=\"widget\" data-widget_type=\"wd_title.default\">\n\t\t\t\t<div class=\"elementor-widget-container\">\n\t\t\t\t\t\t\t<div class=\"title-wrapper wd-set-mb reset-last-child wd-title-color-default wd-title-style-default wd-title-size-default text-left\">\n\n\t\t\t\n\t\t\t<div class=\"liner-continer\">\n\t\t\t\t<h4 class=\"woodmart-title-container title wd-fontsize-l\">\u0130leti\u015fim bilgileri<\/h4> \n\t\t\t\t\t\t\t<\/div>\n\n\t\t\t\t\t<\/div>\n\t\t\t\t\t\t<\/div>\n\t\t\t\t<\/div>\n\t\t<div class=\"elementor-element elementor-element-141b31fa e-con-full e-flex e-con e-child\" data-id=\"141b31fa\" data-element_type=\"container\" data-e-type=\"container\">\n\t\t<div class=\"elementor-element elementor-element-7b5e85f2 e-con-full e-flex e-con e-child\" data-id=\"7b5e85f2\" data-element_type=\"container\" data-e-type=\"container\">\n\t\t\t\t<div class=\"elementor-element elementor-element-2d1ffdb6 wd-width-100 elementor-widget elementor-widget-wd_title\" data-id=\"2d1ffdb6\" data-element_type=\"widget\" data-e-type=\"widget\" data-widget_type=\"wd_title.default\">\n\t\t\t\t<div class=\"elementor-widget-container\">\n\t\t\t\t\t\t\t<div class=\"title-wrapper wd-set-mb reset-last-child wd-title-color-default wd-title-style-default wd-title-size-default text-left\">\n\n\t\t\t\n\t\t\t<div class=\"liner-continer\">\n\t\t\t\t<h4 class=\"woodmart-title-container title wd-fontsize-l\"><strong>Istanbul,T\u00dcRK\u0130YE<\/strong><\/h4> \n\t\t\t\t\t\t\t<\/div>\n\n\t\t\t\t\t\t\t<div class=\"title-after_title reset-last-child wd-fontsize-xs\">\n\t\t\t\t\t<p>Fulya Mahallesi B\u00fcy\u00fckdere caddesi , 76 34394 \u015ei\u015fli\/\u0130stanbul<\/p><p><strong>Pzt-Paz 11:00 - 20-00<\/strong><\/p>\t\t\t\t<\/div>\n\t\t\t\t\t<\/div>\n\t\t\t\t\t\t<\/div>\n\t\t\t\t<\/div>\n\t\t\t\t<\/div>\n\t\t<div class=\"elementor-element elementor-element-15d85609 e-con-full e-flex e-con e-child\" data-id=\"15d85609\" data-element_type=\"container\" data-e-type=\"container\">\n\t\t\t\t<div class=\"elementor-element elementor-element-6676d64a wd-width-100 elementor-widget elementor-widget-wd_title\" data-id=\"6676d64a\" data-element_type=\"widget\" data-e-type=\"widget\" data-widget_type=\"wd_title.default\">\n\t\t\t\t<div class=\"elementor-widget-container\">\n\t\t\t\t\t\t\t<div class=\"title-wrapper wd-set-mb reset-last-child wd-title-color-default wd-title-style-default wd-title-size-default text-left\">\n\n\t\t\t\n\t\t\t<div class=\"liner-continer\">\n\t\t\t\t<h4 class=\"woodmart-title-container title wd-fontsize-l\"><strong>\u00c7A\u011eRI MERKEZ\u0130<\/strong><\/h4> \n\t\t\t\t\t\t\t<\/div>\n\n\t\t\t\t\t\t\t<div class=\"title-after_title reset-last-child wd-fontsize-xs\">\n\t\t\t\t\t<p>\u00c7a\u011fr\u0131 merkezimiz<br>t\u00fcm sorular\u0131n\u0131z\u0131 cevaplayacakt\u0131r.<br>Ma\u011faza: +90 531 526 7160<br>Sipari\u015flerin teslimi +90 531 526 7160<br>Toptan sat\u0131\u015f departman\u0131 +90 531 526 7160<\/p>\t\t\t\t<\/div>\n\t\t\t\t\t<\/div>\n\t\t\t\t\t\t<\/div>\n\t\t\t\t<\/div>\n\t\t\t\t<\/div>\n\t\t\t\t<\/div>\n\t\t\t\t<div class=\"elementor-element elementor-element-5a2f2a70 wd-width-100 elementor-widget elementor-widget-wd_title\" data-id=\"5a2f2a70\" data-element_type=\"widget\" data-e-type=\"widget\" data-widget_type=\"wd_title.default\">\n\t\t\t\t<div class=\"elementor-widget-container\">\n\t\t\t\t\t\t\t<div class=\"title-wrapper wd-set-mb reset-last-child wd-title-color-default wd-title-style-default wd-title-size-default text-left\">\n\n\t\t\t\n\t\t\t<div class=\"liner-continer\">\n\t\t\t\t<h4 class=\"woodmart-title-container title wd-fontsize-l\">AYAKKABILARIMIZI SEVG\u0130YLE YAPIYORUZ<\/h4> \n\t\t\t\t\t\t\t<\/div>\n\n\t\t\t\t\t<\/div>\n\t\t\t\t\t\t<\/div>\n\t\t\t\t<\/div>\n\t\t\t\t<div class=\"elementor-element elementor-element-3452e1dc elementor-widget elementor-widget-wd_text_block\" data-id=\"3452e1dc\" data-element_type=\"widget\" data-e-type=\"widget\" data-widget_type=\"wd_text_block.default\">\n\t\t\t\t<div class=\"elementor-widget-container\">\n\t\t\t\t\t\t\t<div class=\"wd-text-block reset-last-child text-left\">\n\t\t\t\n\t\t\t<p>Sunulan hizmetlerin kalitesine ve \u00fcr\u00fcnlerimizin kalitesine \u00f6zel \u00f6nem veriyoruz, \u00e7\u00fcnk\u00fc i\u015fimizin y\u00fcksek takdiri ve m\u00fc\u015fterilerimizle g\u00fcvene dayal\u0131 ili\u015fkiler bizim i\u00e7in \u00e7ok \u00f6nemlidir.<\/p>\n\t\t\t\t\t<\/div>\n\t\t\t\t\t\t<\/div>\n\t\t\t\t<\/div>\n\t\t\t\t<div class=\"elementor-element elementor-element-0a3ccf6 elementor-align-left elementor-widget elementor-widget-button\" data-id=\"0a3ccf6\" data-element_type=\"widget\" data-e-type=\"widget\" data-widget_type=\"button.default\">\n\t\t\t\t<div class=\"elementor-widget-container\">\n\t\t\t\t\t\t\t\t\t<div class=\"elementor-button-wrapper\">\n\t\t\t\t\t<a class=\"elementor-button elementor-button-link elementor-size-sm\" href=\"https:\/\/wa.me\/905315267160\" target=\"_blank\">\n\t\t\t\t\t\t<span class=\"elementor-button-content-wrapper\">\n\t\t\t\t\t\t\t\t\t<span class=\"elementor-button-text\">MESAJ YAZ<\/span>\n\t\t\t\t\t<\/span>\n\t\t\t\t\t<\/a>\n\t\t\t\t<\/div>\n\t\t\t\t\t\t\t\t<\/div>\n\t\t\t\t<\/div>\n\t\t\t\t<\/div>\n\t\t<div class=\"elementor-element elementor-element-4e5f4602 e-con-full e-flex e-con e-child\" data-id=\"4e5f4602\" data-element_type=\"container\" data-e-type=\"container\">\n\t\t\t\t<div class=\"elementor-element elementor-element-1d32750a elementor-widget elementor-widget-html\" data-id=\"1d32750a\" data-element_type=\"widget\" data-e-type=\"widget\" data-widget_type=\"html.default\">\n\t\t\t\t<div class=\"elementor-widget-container\">\n\t\t\t\t\t<iframe src=\"https:\/\/www.google.com\/maps\/embed?pb=!1m18!1m12!1m3!1d3008.12898945957!2d28.997959076554196!3d41.0661730158572!2m3!1f0!2f0!3f0!3m2!1i1024!2i768!4f13.1!3m3!1m2!1s0x14cab655ebff1423%3A0xddaa1b5339f4b58c!2zRnVseWEsIELDvHnDvGtkZXJlIENkLiBObzo3NiwgMzQzOTQgxZ5pxZ9saS_EsHN0YW5idWwsINCi0YPRgNGG0LjRjw!5e0!3m2!1sru!2saz!4v1706794512460!5m2!1sru!2saz\" width=\"600\" height=\"450\" style=\"border:0;\" allowfullscreen=\"\" loading=\"lazy\" referrerpolicy=\"no-referrer-when-downgrade\"><\/iframe>\t\t\t\t<\/div>\n\t\t\t\t<\/div>\n\t\t\t\t<\/div>\n\t\t\t\t\t<\/div>\n\t\t\t\t<\/div>\n\t\t\t\t<\/div>\n\t\t","protected":false},"excerpt":{"rendered":"<p>\u0130leti\u015fim bilgileri Istanbul,T\u00dcRK\u0130YE Fulya Mahallesi B\u00fcy\u00fckdere caddesi , 76 34394 \u015ei\u015fli\/\u0130stanbul Pzt-Paz 11:00 &#8211; 20-00 \u00c7A\u011eRI MERKEZ\u0130 \u00c7a\u011fr\u0131 merkezimizt\u00fcm sorular\u0131n\u0131z\u0131<\/p>\n","protected":false},"author":1,"featured_media":0,"parent":0,"menu_order":0,"comment_status":"closed","ping_status":"closed","template":"elementor_header_footer","meta":{"footnotes":""},"class_list":["post-321","page","type-page","status-publish","hentry"],"_links":{"self":[{"href":"https:\/\/www.foreverqueenbrand.com\/tr\/wp-json\/wp\/v2\/pages\/321","targetHints":{"allow":["GET"]}}],"collection":[{"href":"https:\/\/www.foreverqueenbrand.com\/tr\/wp-json\/wp\/v2\/pages"}],"about":[{"href":"https:\/\/www.foreverqueenbrand.com\/tr\/wp-json\/wp\/v2\/types\/page"}],"author":[{"embeddable":true,"href":"https:\/\/www.foreverqueenbrand.com\/tr\/wp-json\/wp\/v2\/users\/1"}],"replies":[{"embeddable":true,"href":"https:\/\/www.foreverqueenbrand.com\/tr\/wp-json\/wp\/v2\/comments?post=321"}],"version-history":[{"count":7,"href":"https:\/\/www.foreverqueenbrand.com\/tr\/wp-json\/wp\/v2\/pages\/321\/revisions"}],"predecessor-version":[{"id":7992,"href":"https:\/\/www.foreverqueenbrand.com\/tr\/wp-json\/wp\/v2\/pages\/321\/revisions\/7992"}],"wp:attachment":[{"href":"https:\/\/www.foreverqueenbrand.com\/tr\/wp-json\/wp\/v2\/media?parent=321"}],"curies":[{"name":"wp","href":"https:\/\/api.w.org\/{rel}","templated":true}]}}