{"id":327,"date":"2024-03-17T15:19:11","date_gmt":"2024-03-17T15:19:11","guid":{"rendered":"https:\/\/www.foreverqueenbrand.com\/personal-data-security\/"},"modified":"2024-03-17T17:37:48","modified_gmt":"2024-03-17T17:37:48","slug":"kisisel-veri-guvenligi","status":"publish","type":"page","link":"https:\/\/www.foreverqueenbrand.com\/tr\/kisisel-veri-guvenligi\/","title":{"rendered":"K\u0130\u015e\u0130SEL VER\u0130 G\u00dcVENL\u0130\u011e\u0130"},"content":{"rendered":"\t\t<div data-elementor-type=\"wp-page\" data-elementor-id=\"327\" class=\"elementor elementor-327 elementor-244\" data-elementor-post-type=\"page\">\n\t\t\t\t<div class=\"wd-negative-gap elementor-element elementor-element-3caedcd5 e-flex e-con-boxed e-con e-parent\" data-id=\"3caedcd5\" data-element_type=\"container\" data-e-type=\"container\">\n\t\t\t\t\t<div class=\"e-con-inner\">\n\t\t\t\t<div class=\"elementor-element elementor-element-44846251 wd-width-100 elementor-widget elementor-widget-wd_title\" data-id=\"44846251\" data-element_type=\"widget\" data-e-type=\"widget\" data-widget_type=\"wd_title.default\">\n\t\t\t\t<div class=\"elementor-widget-container\">\n\t\t\t\t\t\t\t<div class=\"title-wrapper wd-set-mb reset-last-child wd-title-color-default wd-title-style-bordered wd-title-size-default text-center\">\n\n\t\t\t\n\t\t\t<div class=\"liner-continer\">\n\t\t\t\t<h4 class=\"woodmart-title-container title wd-fontsize-l\">K\u0130\u015e\u0130SEL VER\u0130 G\u00dcVENL\u0130\u011e\u0130<\/h4> \n\t\t\t\t\t\t\t<\/div>\n\n\t\t\t\t\t<\/div>\n\t\t\t\t\t\t<\/div>\n\t\t\t\t<\/div>\n\t\t<div class=\"elementor-element elementor-element-74f00069 e-con-full e-flex e-con e-child\" data-id=\"74f00069\" data-element_type=\"container\" data-e-type=\"container\">\n\t\t\t\t<div class=\"elementor-element elementor-element-33d057fc elementor-widget elementor-widget-wd_text_block\" data-id=\"33d057fc\" data-element_type=\"widget\" data-e-type=\"widget\" data-widget_type=\"wd_text_block.default\">\n\t\t\t\t<div class=\"elementor-widget-container\">\n\t\t\t\t\t\t\t<div class=\"wd-text-block reset-last-child text-left\">\n\t\t\t\n\t\t\t<p><strong>K\u0130\u015e\u0130SEL VER\u0130LER\u0130N\u0130Z\u0130N \u0130\u015eLENME AMACI<\/strong><\/p><p>\u0130nternet sitemizi ziyaretiniz sonucunda elde edilen ki\u015fisel verileriniz Foreverqueen taraf\u0131ndan KVK Kanunu\u2019nun 5. ve 6. maddeleri uyar\u0131nca a\u015fa\u011f\u0131da say\u0131lan ama\u00e7larla i\u015flenebilecektir:<\/p><p>\u2013 \u015eirketin insan kaynaklar\u0131 politika ve s\u00fcre\u00e7lerinin planlanmas\u0131 ve icras\u0131,<\/p><p>\u2013 \u015eirketin sundu\u011fu \u00fcr\u00fcn ve hizmetlerden ilgili ki\u015filerin faydalanabilmesi i\u00e7in i\u015f birimlerimiz taraf\u0131ndan gerekli \u00e7al\u0131\u015fmalar\u0131n yap\u0131lmas\u0131 ve ilgili i\u015f s\u00fcre\u00e7lerinin y\u00fcr\u00fct\u00fclmesi,<\/p><p>\u2013 \u015eirketin sundu\u011fu \u00fcr\u00fcn ve hizmetlerin ilgili ki\u015filere zevk, kullan\u0131m al\u0131\u015fkanl\u0131klar\u0131 ve ihtiya\u00e7lar\u0131na g\u00f6re \u00f6zelle\u015ftirilerek tavsiye edilmesi ve tan\u0131t\u0131lmas\u0131 i\u00e7in gerekli faaliyetlerin planlanmas\u0131 ve icras\u0131,<\/p><p>\u2013 \u015eirketin y\u00fcr\u00fctt\u00fc\u011f\u00fc ticari faaliyetlerin ger\u00e7ekle\u015ftirilmesi amac\u0131yla ilgili i\u015f birimlerimiz taraf\u0131ndan gerekli \u00e7al\u0131\u015fmalar\u0131n yap\u0131lmas\u0131 ve ilgili i\u015f s\u00fcre\u00e7lerinin y\u00fcr\u00fct\u00fclmesi,<\/p><p>\u2013 \u015eirketin ticari ve\/veya i\u015f stratejilerinin planlanmas\u0131 ve icras\u0131,<\/p><p>\u2013 \u015eirketin ve \u015eirketle i\u015f ili\u015fkisi i\u00e7erisinde olan ilgili ki\u015filerin hukuki, teknik ve ticari-mesleki g\u00fcvenli\u011finin sa\u011flanmas\u0131.<\/p><p>Firmam\u0131z ayr\u0131ca; Ki\u015fisel verileriniz talep edilmesi halinde \u00fcyelik kayd\u0131 ve kampanyalar\u0131m\u0131z hakk\u0131nda sizleri bilgilendirmek amac\u0131yla i\u015flenebilecektir.<\/p><p>K\u0130\u015e\u0130SEL VER\u0130LER\u0130N\u0130Z\u0130N AKTARILDI\u011eI K\u0130\u015e\u0130LER VE AKTARIM AMACI<\/p><p>\u0130nternet sitemizi ziyaretiniz sonucunda elde edilen ki\u015fisel verileriniz, ki\u015fisel veri i\u015fleme kapsam\u0131nda, ki\u015fisel verilerinizin i\u015flenme ama\u00e7lar\u0131 do\u011frultusunda i\u015f ortaklar\u0131m\u0131za, tedarik\u00e7ilerimize, kanunen yetkili kamu kurumlar\u0131na ve \u00f6zel ki\u015filere aktar\u0131labilecektir. . KVK Kanunu'nun 8. ve 9. maddelerinde belirtilen \u015fartlar ve ama\u00e7lar.<\/p><p>K\u0130\u015e\u0130SEL VER\u0130LER\u0130N\u0130Z\u0130 TOPLAMANIN Y\u00d6NTEM\u0130 VE HUKUK\u0130 SEBEPLER\u0130<\/p><p>Kimli\u011finizi belirli veya belirlenebilir k\u0131lan her t\u00fcrl\u00fc bilgi \"ki\u015fisel veri\"dir. \u0130nternet sitemizi ziyaretiniz kapsam\u0131nda ki\u015fisel verileriniz, Kanundaki veri i\u015fleme \u015fartlar\u0131na uygun olarak \u0130nternet Sitemizi ziyaretiniz sonucunda teknik ileti\u015fim dosyas\u0131 olan \u00e7erezler arac\u0131l\u0131\u011f\u0131yla toplanmaktad\u0131r.<\/p><p>VER\u0130 SAH\u0130B\u0130N\u0130N HAKLARI<\/p><p>Ki\u015fisel veri sahibi olarak Kanun\u2019un 11. maddesi uyar\u0131nca a\u015fa\u011f\u0131daki haklara sahip oldu\u011funuzu bilgilerinize sunar\u0131z:<\/p><p>Ki\u015fisel verilerinizin i\u015flenip i\u015flenmedi\u011fini \u00f6\u011frenme,<br \/>Ki\u015fisel verileriniz i\u015flenmi\u015fse buna ili\u015fkin bilgi talep etme,<br \/>Ki\u015fisel verilerinizin i\u015flenme amac\u0131n\u0131 ve bunlar\u0131n amac\u0131na uygun kullan\u0131l\u0131p kullan\u0131lmad\u0131\u011f\u0131n\u0131 \u00f6\u011frenme,<br \/>Yurt i\u00e7inde veya yurt d\u0131\u015f\u0131nda ki\u015fisel verilerinizin aktar\u0131ld\u0131\u011f\u0131 \u00fc\u00e7\u00fcnc\u00fc ki\u015fileri bilme,<br \/>Ki\u015fisel verilerinizin yanl\u0131\u015f veya eksik i\u015flenmi\u015f olmas\u0131 halinde bunlar\u0131n d\u00fczeltilmesini isteme ve bu kapsamda yap\u0131lan i\u015flemin ki\u015fisel verilerinizin aktar\u0131ld\u0131\u011f\u0131 \u00fc\u00e7\u00fcnc\u00fc ki\u015filere bildirilmesini isteme,<br \/>Kanun ve ilgili di\u011fer mevzuat h\u00fck\u00fcmlerine uygun olarak i\u015flenmi\u015f olmas\u0131na ra\u011fmen, i\u015flenmesini gerektiren sebeplerin ortadan kalkmas\u0131 h\u00e2linde ki\u015fisel verilerin silinmesini veya yok edilmesini isteme ve bu kapsamda yap\u0131lan i\u015flemin \u00fc\u00e7\u00fcnc\u00fc ki\u015filere bildirilmesini isteme, ki\u015fisel verilerinizin kimlere aktar\u0131ld\u0131\u011f\u0131,<br \/>\u0130\u015flenen verilerin m\u00fcnhas\u0131ran otomatik sistemler vas\u0131tas\u0131yla analiz edilmesi suretiyle aleyhinize bir sonucun ortaya \u00e7\u0131kmas\u0131 halinde itiraz etme,<br \/>Ki\u015fisel verilerinizin kanuna ayk\u0131r\u0131 olarak i\u015flenmesi sebebiyle zarara u\u011framan\u0131z h\u00e2linde zarar\u0131n giderilmesini talep edebilirsiniz.<\/p><p>VER\u0130 SAH\u0130B\u0130N\u0130N K\u0130\u015e\u0130SEL VER\u0130LER\u0130N\u0130N G\u00dcVENL\u0130\u011e\u0130N\u0130N SA\u011eLANMASINA Y\u00d6NEL\u0130K ALINAN \u00d6NLEMLER<\/p><p>\u015eirketimizin ki\u015fisel verilerin korunmas\u0131na ve veri g\u00fcvenli\u011finin sa\u011flanmas\u0131na verdi\u011fi \u00f6nem do\u011frultusunda, Kanun\u2019un 12. maddesi uyar\u0131nca veri g\u00fcvenli\u011finin \u015eirketimiz taraf\u0131ndan sa\u011flanmas\u0131,<\/p><p>\u2013 Ki\u015fisel verilerin hukuka ayk\u0131r\u0131 olarak i\u015flenmesini \u00f6nlemek,<\/p><p>\u2013 Ki\u015fisel verilere hukuka ayk\u0131r\u0131 eri\u015fimi \u00f6nlemek,<\/p><p>\u2013 Ki\u015fisel verilerin muhafazas\u0131n\u0131 sa\u011flamak,<\/p><p>Uygun g\u00fcvenlik d\u00fczeyinin sa\u011flanmas\u0131 i\u00e7in gerekli her t\u00fcrl\u00fc teknik ve idari tedbirleri al\u0131r.<\/p><p>2. \u00c7EREZ POL\u0130T\u0130KASI<\/p><p>Web sitemizden en verimli \u015fekilde faydalanabilmeniz ve kullan\u0131c\u0131 deneyiminizi geli\u015ftirebilmeniz i\u00e7in \u00e7erezleri kullan\u0131yoruz. \u00c7erez kullan\u0131lmas\u0131n\u0131 tercih etmiyorsan\u0131z taray\u0131c\u0131n\u0131z\u0131n ayarlar\u0131ndan \u00e7erezleri silebilir veya engelleyebilirsiniz. Ancak bu durumun web sitemizi kullan\u0131m\u0131n\u0131z\u0131 etkileyebilece\u011fini hat\u0131rlatmak isteriz. Taray\u0131c\u0131n\u0131zdaki \u00c7erez ayarlar\u0131n\u0131z\u0131 de\u011fi\u015ftirmedi\u011finiz s\u00fcrece bu sitede \u00e7erez kullan\u0131m\u0131n\u0131 kabul etti\u011finizi varsayaca\u011f\u0131z.<\/p><p>\u00c7EREZLER NED\u0130R VE NEDEN KULLANILIR?<\/p><p>\u00c7erezler, ziyaret etti\u011finiz web siteleri taraf\u0131ndan taray\u0131c\u0131lar arac\u0131l\u0131\u011f\u0131yla cihaz\u0131n\u0131za veya a\u011f sunucusuna depolanan k\u00fc\u00e7\u00fck metin dosyalar\u0131d\u0131r.<\/p><p>Web sitemizde \u00e7erez kullan\u0131m\u0131n\u0131n temel ama\u00e7lar\u0131 a\u015fa\u011f\u0131da s\u0131ralanm\u0131\u015ft\u0131r:<\/p><p>\u2013 Web sitesinin i\u015flevselli\u011fini ve performans\u0131n\u0131 art\u0131rarak sizlere sunulan hizmetleri geli\u015ftirmek,<\/p><p>\u2013 \u0130nternet sitesini iyile\u015ftirmek ve \u0130nternet Sitesi \u00fczerinde yeni \u00f6zellikler sunmak ve sunulan \u00f6zellikleri tercihlerinize g\u00f6re ki\u015fiselle\u015ftirmek,<\/p><p>\u2013 \u0130nternet sitesinin, sizin ve \u015eirketimizin hukuki ve ticari g\u00fcvenli\u011finin sa\u011flanmas\u0131.<\/p>\n\t\t\t\t\t<\/div>\n\t\t\t\t\t\t<\/div>\n\t\t\t\t<\/div>\n\t\t\t\t<\/div>\n\t\t\t\t\t<\/div>\n\t\t\t\t<\/div>\n\t\t\t\t<\/div>\n\t\t","protected":false},"excerpt":{"rendered":"<p>K\u0130\u015e\u0130SEL VER\u0130 G\u00dcVENL\u0130\u011e\u0130 K\u0130\u015e\u0130SEL VER\u0130LER\u0130N\u0130Z\u0130N \u0130\u015eLENME AMACI \u0130nternet sitemizi ziyaretiniz sonucunda elde edilen ki\u015fisel verileriniz Foreverqueen taraf\u0131ndan KVK Kanunu\u2019nun 5.<\/p>\n","protected":false},"author":1,"featured_media":0,"parent":0,"menu_order":0,"comment_status":"closed","ping_status":"closed","template":"elementor_header_footer","meta":{"footnotes":""},"class_list":["post-327","page","type-page","status-publish","hentry"],"_links":{"self":[{"href":"https:\/\/www.foreverqueenbrand.com\/tr\/wp-json\/wp\/v2\/pages\/327","targetHints":{"allow":["GET"]}}],"collection":[{"href":"https:\/\/www.foreverqueenbrand.com\/tr\/wp-json\/wp\/v2\/pages"}],"about":[{"href":"https:\/\/www.foreverqueenbrand.com\/tr\/wp-json\/wp\/v2\/types\/page"}],"author":[{"embeddable":true,"href":"https:\/\/www.foreverqueenbrand.com\/tr\/wp-json\/wp\/v2\/users\/1"}],"replies":[{"embeddable":true,"href":"https:\/\/www.foreverqueenbrand.com\/tr\/wp-json\/wp\/v2\/comments?post=327"}],"version-history":[{"count":4,"href":"https:\/\/www.foreverqueenbrand.com\/tr\/wp-json\/wp\/v2\/pages\/327\/revisions"}],"predecessor-version":[{"id":357,"href":"https:\/\/www.foreverqueenbrand.com\/tr\/wp-json\/wp\/v2\/pages\/327\/revisions\/357"}],"wp:attachment":[{"href":"https:\/\/www.foreverqueenbrand.com\/tr\/wp-json\/wp\/v2\/media?parent=327"}],"curies":[{"name":"wp","href":"https:\/\/api.w.org\/{rel}","templated":true}]}}