{"id":329,"date":"2024-03-17T15:20:37","date_gmt":"2024-03-17T15:20:37","guid":{"rendered":"https:\/\/www.foreverqueenbrand.com\/purchase-returns\/"},"modified":"2026-03-31T09:42:25","modified_gmt":"2026-03-31T09:42:25","slug":"satin-alma-iadeleri","status":"publish","type":"page","link":"https:\/\/www.foreverqueenbrand.com\/tr\/satin-alma-iadeleri\/","title":{"rendered":"SATIN ALMA IADELERI"},"content":{"rendered":"\t\t<div data-elementor-type=\"wp-page\" data-elementor-id=\"329\" class=\"elementor elementor-329 elementor-252\" data-elementor-post-type=\"page\">\n\t\t\t\t<div class=\"wd-negative-gap elementor-element elementor-element-5bba4432 e-flex e-con-boxed e-con e-parent\" data-id=\"5bba4432\" data-element_type=\"container\" data-e-type=\"container\">\n\t\t\t\t\t<div class=\"e-con-inner\">\n\t\t\t\t<div class=\"elementor-element elementor-element-79bd71e4 wd-width-100 elementor-widget elementor-widget-wd_title\" data-id=\"79bd71e4\" data-element_type=\"widget\" data-e-type=\"widget\" data-widget_type=\"wd_title.default\">\n\t\t\t\t<div class=\"elementor-widget-container\">\n\t\t\t\t\t\t\t<div class=\"title-wrapper wd-set-mb reset-last-child wd-title-color-default wd-title-style-bordered wd-title-size-default text-center\">\n\n\t\t\t\n\t\t\t<div class=\"liner-continer\">\n\t\t\t\t<h4 class=\"woodmart-title-container title wd-fontsize-l\">SATIN ALMA IADELERI<\/h4> \n\t\t\t\t\t\t\t<\/div>\n\n\t\t\t\t\t<\/div>\n\t\t\t\t\t\t<\/div>\n\t\t\t\t<\/div>\n\t\t<div class=\"elementor-element elementor-element-4e1f3885 e-con-full e-flex e-con e-child\" data-id=\"4e1f3885\" data-element_type=\"container\" data-e-type=\"container\">\n\t\t\t\t<div class=\"elementor-element elementor-element-59085176 elementor-widget elementor-widget-wd_text_block\" data-id=\"59085176\" data-element_type=\"widget\" data-e-type=\"widget\" data-widget_type=\"wd_text_block.default\">\n\t\t\t\t<div class=\"elementor-widget-container\">\n\t\t\t\t\t\t\t<div class=\"wd-text-block reset-last-child text-left\">\n\t\t\t\n\t\t\t<p>FOREVER QUEEN olarak sat\u0131n ald\u0131\u011f\u0131n\u0131z \u00fcr\u00fcnden memnun kalaca\u011f\u0131n\u0131z\u0131 umuyoruz, ancak \u00fcr\u00fcnlerimizi iade etmek isterseniz paran\u0131z\u0131n %100'\u00fcn\u00fc geri alabilirsiniz. Bu cayma hakk\u0131n\u0131 kullanabilmek i\u00e7in l\u00fctfen a\u015fa\u011f\u0131daki iade ko\u015fullar\u0131n\u0131 dikkatlice okuyunuz. Sat\u0131n ald\u0131\u011f\u0131n\u0131z \u00fcr\u00fcn iade ko\u015fullar\u0131na uygunsa iade formunu doldurup \u00fcr\u00fcnle birlikte bize g\u00f6ndermeniz yeterli olacakt\u0131r.<\/p><p>1.SATIN ALDI\u011eIM \u00dcR\u00dcN\u00dc IADE ETMEK ISTIYORUM, NEYI IADE EDEBILIRIM?<br>Etiketi, orijinal kutusu\/ambalaj\u0131, band\u0131, m\u00fchr\u00fc, ambalaj\u0131 gibi koruyucu unsurlar\u0131 bozulmam\u0131\u015f ve dolay\u0131s\u0131yla tekrar sat\u0131labilirlik \u00f6zelli\u011fini kaybetmemi\u015f \u00fcr\u00fcnleri iade edebilirsiniz. Kampanyal\u0131 ve hediye \u00fcr\u00fcnler de bu ko\u015fullara tabidir. \u0130ade etmek istedi\u011finiz \u00fcr\u00fcn\u00fcn faturas\u0131n\u0131 \u00fcr\u00fcnle birlikte bize g\u00f6ndermeniz gerekmektedir.<\/p><p>Ambalaj\u0131 hasar g\u00f6rm\u00fc\u015f kullan\u0131lm\u0131\u015f \u00fcr\u00fcnler kabul edilmeyecektir.<\/p><p>2. SATIN ALDI\u011eIM \u00dcR\u00dcNLERI NASIL IADE EDEBILIRIM?<\/p><p>\u00d6ncelikle iade etmek istedi\u011finiz \u00fcr\u00fcnlerin iade ko\u015fullar\u0131na uygun oldu\u011fundan emin olunuz. Uygun olmas\u0131 halinde \u00fcr\u00fcn\u00fc teslim tarihinden itibaren 30 (otuz) g\u00fcn i\u00e7erisinde iade edebilirsiniz.<\/p><p>\u00dcr\u00fcnleri T\u00fcrkiye'ye iade etmek i\u00e7in yerel kurye servisini kullanmak yeterlidir; iade kargo \u00fccreti sevkiyat s\u0131ras\u0131nda m\u00fc\u015fteri taraf\u0131ndan \u00f6denir.<\/p><p>G\u00f6nderilecek adres, y\u00f6netici ile tel\/what's app +905315267160 veya mail foreverqueenbrand@gmail.com \u00fczerinden kurulacak bir diyalogda netle\u015ftirilebilir.<\/p><p>T\u00fcrkiye'den ba\u015fka bir \u00fclkeye g\u00f6nderilen mallar uluslararas\u0131 DHL \u015firketi arac\u0131l\u0131\u011f\u0131yla iade edilmelidir. Forever Queen \u015firketi ad\u0131na mallar\u0131 kendimiz g\u00f6ndermek i\u00e7in iade faturas\u0131 olu\u015fturaca\u011f\u0131m\u0131z\u0131 l\u00fctfen unutmay\u0131n, iade faturas\u0131 i\u00e7in l\u00fctfen y\u00f6neticimizle ileti\u015fime ge\u00e7in, aksi takdirde iade teslimat\u0131 kabul edemeyece\u011fiz. \u0130ade nakliyesi m\u00fc\u015fteri taraf\u0131ndan ayr\u0131ca \u00f6denmelidir; teslimat \u00fccreti, mallar\u0131n iadesi i\u00e7in fatura d\u00fczenlenirken kurye hizmet \u00fccreti \u00fczerinden \u015firket y\u00f6neticisi taraf\u0131ndan ilan edilecektir.<br>Para iadesi g\u00f6ndermek i\u00e7in \u015firketimiz ad\u0131na bir iade faturas\u0131 gereklidir, talebiniz \u00fczerine d\u00fczenleyece\u011fiz, l\u00fctfen telefon \/ what's app +905315267160 veya foreverqueenbrand@gmail.com adresine e-posta yoluyla y\u00f6neticiyle ileti\u015fime ge\u00e7in.<\/p><p>Yukar\u0131daki bilgilere uygun olarak g\u00f6ndermi\u015f oldu\u011funuz \u00fcr\u00fcnler taraf\u0131m\u0131za ula\u015ft\u0131\u011f\u0131nda, yukar\u0131da belirtilen iade ko\u015fullar\u0131na uygun olmas\u0131 halinde iadesi onaylanacak ve iadeniz bankan\u0131za bildirildi\u011finde \u00fcyelik bilgilerinizde yer alan telefon numaran\u0131za veya e-posta adresinize bilgilendirme yap\u0131lacakt\u0131r. Geri \u00f6demeler bankan\u0131n i\u00e7 s\u00fcre\u00e7lerine ba\u011fl\u0131 olarak de\u011fi\u015fmekte olup gecikmeler ya\u015fanabilmektedir. Bu s\u00fcre\u00e7leri bankan\u0131z \u00fczerinden takip etmenizi rica ederiz.<\/p><p>3. SI\u0307PARI\u0307\u015eI\u0307MI\u0307N I\u0307\u00c7ERI\u0307\u011eI\u0307NI\u0307 DE\u011eI\u0307\u015eTI\u0307REBI\u0307LI\u0307R VEYA SI\u0307PARI\u0307\u015eI\u0307MI\u0307 I\u0307PTAL EDEBI\u0307LI\u0307R MI\u0307YI\u0307M?<\/p><p>Onaylanan sipari\u015flerin i\u00e7eri\u011finde herhangi bir de\u011fi\u015fiklik yap\u0131lamaz. \u00dcr\u00fcn size teslim edildikten sonra iade prosed\u00fcr\u00fcne ba\u015fvurabilirsiniz. Ayr\u0131ca sipari\u015finizi iptal edebilir ve yeni bir sipari\u015f verebilirsiniz.<\/p><p>Sipari\u015flerin iadesi ancak kargoya verilmeden \u00f6nce m\u00fcmk\u00fcnd\u00fcr. Sipari\u015finiz kargoya teslim edilmemi\u015f ise talebinizi foreverqueenbrand@gmail.com adresine e-posta yoluyla ya da hafta i\u00e7i mesai saatleri i\u00e7erisinde +905315267160 adresinden destek hatt\u0131m\u0131z\u0131 arayarak iletebilirsiniz. Kargoya verilen sipari\u015flerin iptali m\u00fcmk\u00fcn de\u011fildir. \u00dcr\u00fcn\u00fc teslim ald\u0131ktan sonra 30 g\u00fcn i\u00e7erisinde iade prosed\u00fcr\u00fcne ba\u015fvurabilirsiniz.<\/p><p>Sipari\u015f iptal talebiniz onayland\u0131ktan sonra, para iadesi sipari\u015finiz i\u00e7in kullan\u0131lan \u00f6deme y\u00f6ntemiyle ayn\u0131 \u015fekilde yap\u0131lacakt\u0131r. Geri \u00f6demeler bankan\u0131n i\u00e7 s\u00fcre\u00e7lerine ba\u011fl\u0131 olarak de\u011fi\u015fmekte ve gecikmeler ya\u015fanabilmektedir. Bu durumlar\u0131 bankan\u0131z arac\u0131l\u0131\u011f\u0131yla takip etmenizi rica ederiz. Ayr\u0131ca taksitli \u00f6demelerin iadeleri banka s\u00fcre\u00e7lerine uygun olarak taksit taksit yap\u0131lmaktad\u0131r.<\/p><p>4. TESL\u0130MAT \u015eARTLARI<\/p><p>Forever Queen hafta sonlar\u0131 veya resmi tatillerde \u00e7al\u0131\u015fmamaktad\u0131r. Kargonuz \u0130stanbul'dan geliyorsa en ge\u00e7 [1 (one)] i\u015f g\u00fcn\u00fc i\u00e7erisinde, T\u00fcrkiye'nin di\u011fer illerinden geliyorsa en ge\u00e7 [2 (two)] i\u015f g\u00fcn\u00fc i\u00e7erisinde elimize ula\u015facakt\u0131r. \u0130adeniz bize ula\u015ft\u0131ktan sonra, iade ko\u015fullar\u0131na uygunsa i\u015fleme al\u0131nmas\u0131 ve \u00f6demenin iade edilmesi [7 (seven)] i\u015f g\u00fcn\u00fcne kadar s\u00fcrebilir. \u0130ade s\u00fcrecinde \u00fc\u00e7\u00fcnc\u00fc taraf bankalardan kaynaklanan nedenlerle \u00f6demenin gecikmesi durumunda Forever Queen gecikmeden sorumlu tutulamaz.<\/p>\n\t\t\t\t\t<\/div>\n\t\t\t\t\t\t<\/div>\n\t\t\t\t<\/div>\n\t\t\t\t<\/div>\n\t\t\t\t\t<\/div>\n\t\t\t\t<\/div>\n\t\t\t\t<\/div>\n\t\t","protected":false},"excerpt":{"rendered":"<p>SATIN ALMA IADELERI FOREVER QUEEN olarak sat\u0131n ald\u0131\u011f\u0131n\u0131z \u00fcr\u00fcnden memnun kalaca\u011f\u0131n\u0131z\u0131 umuyoruz, ancak \u00fcr\u00fcnlerimizi iade etmek isterseniz paran\u0131z\u0131n %100&#8217;\u00fcn\u00fc geri<\/p>\n","protected":false},"author":1,"featured_media":0,"parent":0,"menu_order":0,"comment_status":"closed","ping_status":"closed","template":"elementor_header_footer","meta":{"footnotes":""},"class_list":["post-329","page","type-page","status-publish","hentry"],"_links":{"self":[{"href":"https:\/\/www.foreverqueenbrand.com\/tr\/wp-json\/wp\/v2\/pages\/329","targetHints":{"allow":["GET"]}}],"collection":[{"href":"https:\/\/www.foreverqueenbrand.com\/tr\/wp-json\/wp\/v2\/pages"}],"about":[{"href":"https:\/\/www.foreverqueenbrand.com\/tr\/wp-json\/wp\/v2\/types\/page"}],"author":[{"embeddable":true,"href":"https:\/\/www.foreverqueenbrand.com\/tr\/wp-json\/wp\/v2\/users\/1"}],"replies":[{"embeddable":true,"href":"https:\/\/www.foreverqueenbrand.com\/tr\/wp-json\/wp\/v2\/comments?post=329"}],"version-history":[{"count":9,"href":"https:\/\/www.foreverqueenbrand.com\/tr\/wp-json\/wp\/v2\/pages\/329\/revisions"}],"predecessor-version":[{"id":14881,"href":"https:\/\/www.foreverqueenbrand.com\/tr\/wp-json\/wp\/v2\/pages\/329\/revisions\/14881"}],"wp:attachment":[{"href":"https:\/\/www.foreverqueenbrand.com\/tr\/wp-json\/wp\/v2\/media?parent=329"}],"curies":[{"name":"wp","href":"https:\/\/api.w.org\/{rel}","templated":true}]}}