{"id":331,"date":"2024-03-17T15:23:12","date_gmt":"2024-03-17T15:23:12","guid":{"rendered":"https:\/\/www.foreverqueenbrand.com\/warranty-and-service-life\/"},"modified":"2024-03-17T17:34:45","modified_gmt":"2024-03-17T17:34:45","slug":"garanti-ve-hizmet-sureci","status":"publish","type":"page","link":"https:\/\/www.foreverqueenbrand.com\/tr\/garanti-ve-hizmet-sureci\/","title":{"rendered":"GARANT\u0130 VE H\u0130ZMET S\u00dcREC\u0130"},"content":{"rendered":"\t\t<div data-elementor-type=\"wp-page\" data-elementor-id=\"331\" class=\"elementor elementor-331 elementor-260\" data-elementor-post-type=\"page\">\n\t\t\t\t<div class=\"wd-negative-gap elementor-element elementor-element-9239df5 e-flex e-con-boxed e-con e-parent\" data-id=\"9239df5\" data-element_type=\"container\" data-e-type=\"container\">\n\t\t\t\t\t<div class=\"e-con-inner\">\n\t\t\t\t<div class=\"elementor-element elementor-element-39d8e9 wd-width-100 elementor-widget elementor-widget-wd_title\" data-id=\"39d8e9\" data-element_type=\"widget\" data-e-type=\"widget\" data-widget_type=\"wd_title.default\">\n\t\t\t\t<div class=\"elementor-widget-container\">\n\t\t\t\t\t\t\t<div class=\"title-wrapper wd-set-mb reset-last-child wd-title-color-default wd-title-style-default wd-title-size-default text-center\">\n\n\t\t\t\n\t\t\t<div class=\"liner-continer\">\n\t\t\t\t<h4 class=\"woodmart-title-container title wd-fontsize-l\">GARANTI\u0307 VE HI\u0307ZMET S\u00dcREC\u0130<\/h4> \n\t\t\t\t\t\t\t<\/div>\n\n\t\t\t\t\t<\/div>\n\t\t\t\t\t\t<\/div>\n\t\t\t\t<\/div>\n\t\t<div class=\"elementor-element elementor-element-65c8a45c e-con-full e-flex e-con e-child\" data-id=\"65c8a45c\" data-element_type=\"container\" data-e-type=\"container\">\n\t\t\t\t<div class=\"elementor-element elementor-element-47682343 elementor-widget elementor-widget-wd_text_block\" data-id=\"47682343\" data-element_type=\"widget\" data-e-type=\"widget\" data-widget_type=\"wd_text_block.default\">\n\t\t\t\t<div class=\"elementor-widget-container\">\n\t\t\t\t\t\t\t<div class=\"wd-text-block reset-last-child text-left\">\n\t\t\t\n\t\t\t<p>Sat\u0131c\u0131, nakit veya sat\u0131\u015f makbuzu, ambalaj\u0131n korunmas\u0131, sat\u0131\u015f tarihinden itibaren 90 takvim g\u00fcn\u00fc i\u00e7erisinde belirli kusurlar\u0131 belirten bir beyan \u015feklinde ayakkab\u0131lar\u0131n kalitesine ili\u015fkin talepleri kabul eder. Sezonluk ayakkab\u0131lar\u0131n garanti s\u00fcresi sezon ba\u015f\u0131ndan itibaren ba\u015flar. Sezonluk ayakkab\u0131n\u0131n mevsime uyulmadan giyilmesi durumunda kalite iddialar\u0131 kabul edilmez.<\/p><p>Sat\u0131c\u0131, ba\u015fvuru \u00fczerine mal\u0131n teslim al\u0131nd\u0131\u011f\u0131 tarihten itibaren 20 g\u00fcn i\u00e7erisinde kalitenin tespiti i\u00e7in bilirki\u015fi incelemesi yapma hakk\u0131n\u0131 sakl\u0131 tutar.<\/p><p>Ayakkab\u0131lar\u0131n \u00e7al\u0131\u015fma, ta\u015f\u0131ma, saklama kurallar\u0131na uyulmamas\u0131 veya al\u0131c\u0131 taraf\u0131ndan standart d\u0131\u015f\u0131 ayak \u015fekline sahip sat\u0131n al\u0131nan ayakkab\u0131lar durumunda, ayakkab\u0131 kalitesine ili\u015fkin iddialar\u0131 kabul etmiyoruz.<\/p><p>Ayakkab\u0131lar\u0131n uygunsuz kullan\u0131m\u0131, darbe, kesik, cilt s\u0131yr\u0131klar\u0131 gibi durumlardaki talepleri kabul etmiyoruz.<\/p><p>Ayakkab\u0131n\u0131n ikinci el olmas\u0131 ve sat\u0131\u015f s\u0131ras\u0131nda belirgin bir kusuru (boyas\u0131z, deri kusuru vb.) olmas\u0131 durumunda talepleri kabul etmeyin.<\/p><p>Garanti, k\u00fc\u00e7\u00fck onar\u0131mlar ve yedek par\u00e7alar gerektiren par\u00e7alar (tabanl\u0131klar, Velcro, ba\u011fc\u0131klar, ba\u011fc\u0131klar, kenarlar, donan\u0131m) i\u00e7in ge\u00e7erli de\u011fildir.<\/p><p>Kusurlar \u015funlar de\u011fildir:<\/p><p>Renk veya yap\u0131daki d\u00fczensizlikler, desenlerdeki d\u00fczensizlikler do\u011fal derinin do\u011fal \u00f6zelliklerindendir.<\/p><p>Hakiki derinin bir \u00f6zelli\u011fi olarak \u0131slanma (suya maruz kald\u0131\u011f\u0131nda \u00fcst k\u0131sm\u0131n renginin de\u011fi\u015fmesi).<\/p><p>Tabanl\u0131klar\u0131n ve astar\u0131n boyanmas\u0131.<\/p>\n\t\t\t\t\t<\/div>\n\t\t\t\t\t\t<\/div>\n\t\t\t\t<\/div>\n\t\t\t\t<\/div>\n\t\t\t\t\t<\/div>\n\t\t\t\t<\/div>\n\t\t\t\t<\/div>\n\t\t","protected":false},"excerpt":{"rendered":"<p>GARANTI\u0307 VE HI\u0307ZMET S\u00dcREC\u0130 Sat\u0131c\u0131, nakit veya sat\u0131\u015f makbuzu, ambalaj\u0131n korunmas\u0131, sat\u0131\u015f tarihinden itibaren 90 takvim g\u00fcn\u00fc i\u00e7erisinde belirli kusurlar\u0131<\/p>\n","protected":false},"author":1,"featured_media":0,"parent":0,"menu_order":0,"comment_status":"closed","ping_status":"closed","template":"elementor_header_footer","meta":{"footnotes":""},"class_list":["post-331","page","type-page","status-publish","hentry"],"_links":{"self":[{"href":"https:\/\/www.foreverqueenbrand.com\/tr\/wp-json\/wp\/v2\/pages\/331","targetHints":{"allow":["GET"]}}],"collection":[{"href":"https:\/\/www.foreverqueenbrand.com\/tr\/wp-json\/wp\/v2\/pages"}],"about":[{"href":"https:\/\/www.foreverqueenbrand.com\/tr\/wp-json\/wp\/v2\/types\/page"}],"author":[{"embeddable":true,"href":"https:\/\/www.foreverqueenbrand.com\/tr\/wp-json\/wp\/v2\/users\/1"}],"replies":[{"embeddable":true,"href":"https:\/\/www.foreverqueenbrand.com\/tr\/wp-json\/wp\/v2\/comments?post=331"}],"version-history":[{"count":4,"href":"https:\/\/www.foreverqueenbrand.com\/tr\/wp-json\/wp\/v2\/pages\/331\/revisions"}],"predecessor-version":[{"id":349,"href":"https:\/\/www.foreverqueenbrand.com\/tr\/wp-json\/wp\/v2\/pages\/331\/revisions\/349"}],"wp:attachment":[{"href":"https:\/\/www.foreverqueenbrand.com\/tr\/wp-json\/wp\/v2\/media?parent=331"}],"curies":[{"name":"wp","href":"https:\/\/api.w.org\/{rel}","templated":true}]}}