{"id":10066,"date":"2025-07-03T14:25:51","date_gmt":"2025-07-03T14:25:51","guid":{"rendered":"https:\/\/www.foreverqueenbrand.com\/product\/womens-shoes-made-of-genuine-patent-leather-red-with-a-thin-stiletto-heel\/"},"modified":"2026-02-02T19:25:59","modified_gmt":"2026-02-02T19:25:59","slug":"womens-shoes-made-of-genuine-patent-leather-red-with-a-thin-stiletto-heel","status":"publish","type":"product","link":"https:\/\/www.foreverqueenbrand.com\/tr\/urun\/womens-shoes-made-of-genuine-patent-leather-red-with-a-thin-stiletto-heel\/","title":{"rendered":"AYAKKABI QUEEN KIRMIZI RUH DER\u0130"},"content":{"rendered":"<p>Tutkulu k\u0131z\u0131l renkteki stiletto ayakkab\u0131lar, Forever Queen&#8217;in g\u00f6z al\u0131c\u0131 yeni \u00fcr\u00fcn\u00fc.<\/p>\n<p>Gard\u0131robunuzun vazge\u00e7ilmez bir par\u00e7as\u0131 olacak, her g\u00f6r\u00fcn\u00fcme farkl\u0131 bir hava katacak ve ister ofis toplant\u0131s\u0131, ister romantik bir ak\u015fam yeme\u011fi, ister arkada\u015flar\u0131n\u0131zla yapaca\u011f\u0131n\u0131z bir parti olsun her t\u00fcrl\u00fc etkinli\u011fe uygun olacaklar.<\/p>\n<p>Patent deri y\u00fczey ayakkab\u0131lara \u00f6zel bir \u00e7ekicilik kat\u0131yor.<br \/>\nEkibimiz kaliteye \u00f6zel \u00f6nem veriyor. Standart ve dar bir ayak i\u00e7in bedene uygun bir model sunuyoruz ve bedenin daha do\u011fru bir \u015fekilde se\u00e7ilmesi i\u00e7in aya\u011f\u0131n\u0131z\u0131n uzunlu\u011funu \u00f6l\u00e7menizi ve beden tablomuzla kar\u015f\u0131la\u015ft\u0131rman\u0131z\u0131 \u00f6neririz.<br \/>\nYeni s\u00fcet ayakkab\u0131 modelimizle \u015f\u0131k fantezilerinizi ger\u00e7e\u011fe d\u00f6n\u00fc\u015ft\u00fcr\u00fcn. <\/p>\n<p>Bug\u00fcn sipari\u015f verin ve her durumda kendinize g\u00fcvenin.<\/p>\n","protected":false},"excerpt":{"rendered":"<table style=\"border-collapse: collapse; width: 931px; height: 125px;\" border=\"1\">\n<tbody>\n<tr>\n<td style=\"width: 36.2826%; text-align: left;\"><strong><span style=\"color: #887568;\">TOPUK Y\u00dcKSEKLI\u0307\u011eI\u0307<\/span> <\/strong><\/td>\n<td style=\"width: 63.7174%; text-align: left;\"><span style=\"color: #887568;\">12 cm.<\/span><\/td>\n<\/tr>\n<tr>\n<td style=\"width: 36.2826%; text-align: left;\"><strong><span style=\"color: #887568;\">SEZON<\/span><\/strong><\/td>\n<td style=\"width: 63.7174%; text-align: left;\"><span style=\"color: #887568;\">ilkbahar yaz sonbahar<\/span><\/td>\n<\/tr>\n<tr>\n<td style=\"width: 36.2826%; text-align: left;\"><strong><span style=\"color: #887568;\">\u00dcST MALZEME<\/span><\/strong><\/td>\n<td style=\"width: 63.7174%; text-align: left;\">Hakiki Deri<\/td>\n<\/tr>\n<tr>\n<td style=\"width: 36.2826%; text-align: left;\"><strong><span style=\"color: #887568;\">AYAKKABI ASTAR MALZEMESI<\/span><\/strong><\/td>\n<td style=\"width: 63.7174%; text-align: left;\"><span style=\"color: #887568;\">hakiki deri<\/span><\/td>\n<\/tr>\n<tr>\n<td style=\"width: 36.2826%; text-align: left;\"><strong><span style=\"color: #887568;\">DI\u015e TABAN MALZEMESI<\/span><\/strong><\/td>\n<td style=\"width: 63.7174%; text-align: left;\"><span style=\"color: #887568;\">kau\u00e7uk<\/span><\/td>\n<\/tr>\n<\/tbody>\n<\/table>\n","protected":false},"featured_media":11457,"comment_status":"closed","ping_status":"closed","template":"","meta":[],"product_brand":[],"product_cat":[65,64],"product_tag":[],"class_list":{"0":"post-10066","1":"product","2":"type-product","3":"status-publish","4":"has-post-thumbnail","6":"product_cat-ayakkabilar","7":"product_cat-tum-urunler","9":"first","10":"instock","11":"shipping-taxable","12":"purchasable","13":"product-type-variable","14":"has-default-attributes"},"_links":{"self":[{"href":"https:\/\/www.foreverqueenbrand.com\/tr\/wp-json\/wp\/v2\/product\/10066","targetHints":{"allow":["GET"]}}],"collection":[{"href":"https:\/\/www.foreverqueenbrand.com\/tr\/wp-json\/wp\/v2\/product"}],"about":[{"href":"https:\/\/www.foreverqueenbrand.com\/tr\/wp-json\/wp\/v2\/types\/product"}],"replies":[{"embeddable":true,"href":"https:\/\/www.foreverqueenbrand.com\/tr\/wp-json\/wp\/v2\/comments?post=10066"}],"wp:featuredmedia":[{"embeddable":true,"href":"https:\/\/www.foreverqueenbrand.com\/tr\/wp-json\/wp\/v2\/media\/11457"}],"wp:attachment":[{"href":"https:\/\/www.foreverqueenbrand.com\/tr\/wp-json\/wp\/v2\/media?parent=10066"}],"wp:term":[{"taxonomy":"product_brand","embeddable":true,"href":"https:\/\/www.foreverqueenbrand.com\/tr\/wp-json\/wp\/v2\/product_brand?post=10066"},{"taxonomy":"product_cat","embeddable":true,"href":"https:\/\/www.foreverqueenbrand.com\/tr\/wp-json\/wp\/v2\/product_cat?post=10066"},{"taxonomy":"product_tag","embeddable":true,"href":"https:\/\/www.foreverqueenbrand.com\/tr\/wp-json\/wp\/v2\/product_tag?post=10066"}],"curies":[{"name":"wp","href":"https:\/\/api.w.org\/{rel}","templated":true}]}}