{"id":10695,"date":"2025-08-10T09:57:03","date_gmt":"2025-08-10T09:57:03","guid":{"rendered":"https:\/\/www.foreverqueenbrand.com\/product\/boots-made-of-genuine-black-leather-with-a-12-cm-heel-and-lacing\/"},"modified":"2026-01-14T18:20:24","modified_gmt":"2026-01-14T18:20:24","slug":"boots-made-of-genuine-black-leather-with-a-12-cm-heel-and-lacing","status":"publish","type":"product","link":"https:\/\/www.foreverqueenbrand.com\/tr\/urun\/boots-made-of-genuine-black-leather-with-a-12-cm-heel-and-lacing\/","title":{"rendered":"BOTLAR ADELE S\u0130YAH DER\u0130"},"content":{"rendered":"<p>Forever Queen&#8217;in yeni \u00fcr\u00fcn\u00fc, ayakkab\u0131n\u0131n g\u00f6rselde nas\u0131l ana vurgu unsuru haline gelebilece\u011finin bir \u00f6rne\u011fi.<\/p>\n<p>Hakiki yumu\u015fak siyah deriden \u00fcretilen model, zanaatkarlar taraf\u0131ndan ba\u011fc\u0131klarla donat\u0131lm\u0131\u015ft\u0131r. Geni\u015f sap, botlar\u0131 kolayca \u00e7\u0131kar\u0131p giymenizi sa\u011flar. Ayr\u0131ca modelde fermuar da bulunmaktad\u0131r.  <\/p>\n<p>Kau\u00e7uk taban, y\u00fcr\u00fcrken dengeli, hafif ve yumu\u015fakt\u0131r.<br \/>\nTopuk m\u00fckemmel dengeye sahiptir ve aya\u011f\u0131 destekler.<br \/>\nStandart ve dar ayak \u00f6l\u00e7\u00fclerine uygun bir model sunuyoruz. Daha do\u011fru bir beden se\u00e7imi i\u00e7in aya\u011f\u0131n\u0131z\u0131n uzunlu\u011funu \u00f6l\u00e7\u00fcp beden tablomuzla kar\u015f\u0131la\u015ft\u0131rman\u0131z\u0131 \u00f6neririz.<br \/>\nHemen sipari\u015f verin ve \u015f\u0131k bir sonbahar\u0131n tad\u0131n\u0131 \u00e7\u0131kar\u0131n!<\/p>\n","protected":false},"excerpt":{"rendered":"<table style=\"border-collapse: collapse; width: 931px; height: 125px;\" border=\"1\">\n<tbody>\n<tr>\n<td style=\"width: 36.2826%; text-align: left;\"><strong><span style=\"color: #887568;\">TOPUK Y\u00dcKSEKLI\u0307\u011eI\u0307<\/span> <\/strong><\/td>\n<td style=\"width: 63.7174%; text-align: left;\"><span style=\"color: #887568;\">12 cm.<\/span><\/td>\n<\/tr>\n<tr>\n<td style=\"width: 36.2826%; text-align: left;\"><strong><span style=\"color: #887568;\">SEZON<\/span><\/strong><\/td>\n<td style=\"width: 63.7174%; text-align: left;\"><span style=\"color: #887568;\">ilkbahar sonbahar<\/span><\/td>\n<\/tr>\n<tr>\n<td style=\"width: 36.2826%; text-align: left;\"><strong><span style=\"color: #887568;\">\u00dcST MALZEME<\/span><\/strong><\/td>\n<td style=\"width: 63.7174%; text-align: left;\">Hakiki Deri<\/td>\n<\/tr>\n<tr>\n<td style=\"width: 36.2826%; text-align: left;\"><strong><span style=\"color: #887568;\">AYAKKABI ASTAR MALZEMESI<\/span><\/strong><\/td>\n<td style=\"width: 63.7174%; text-align: left;\"><span style=\"color: #887568;\">hakiki deri<\/span><\/td>\n<\/tr>\n<tr>\n<td style=\"width: 36.2826%; text-align: left;\"><strong><span style=\"color: #887568;\">DI\u015e TABAN MALZEMESI<\/span><\/strong><\/td>\n<td style=\"width: 63.7174%; text-align: left;\"><span style=\"color: #887568;\">kau\u00e7uk<\/span><\/td>\n<\/tr>\n<\/tbody>\n<\/table>\n","protected":false},"featured_media":11493,"comment_status":"closed","ping_status":"closed","template":"","meta":[],"product_brand":[],"product_cat":[104,129,64],"product_tag":[],"class_list":{"0":"post-10695","1":"product","2":"type-product","3":"status-publish","4":"has-post-thumbnail","6":"product_cat-bot","7":"product_cat-indirim","8":"product_cat-tum-urunler","10":"first","11":"instock","12":"sale","13":"shipping-taxable","14":"purchasable","15":"product-type-variable","16":"has-default-attributes"},"_links":{"self":[{"href":"https:\/\/www.foreverqueenbrand.com\/tr\/wp-json\/wp\/v2\/product\/10695","targetHints":{"allow":["GET"]}}],"collection":[{"href":"https:\/\/www.foreverqueenbrand.com\/tr\/wp-json\/wp\/v2\/product"}],"about":[{"href":"https:\/\/www.foreverqueenbrand.com\/tr\/wp-json\/wp\/v2\/types\/product"}],"replies":[{"embeddable":true,"href":"https:\/\/www.foreverqueenbrand.com\/tr\/wp-json\/wp\/v2\/comments?post=10695"}],"wp:featuredmedia":[{"embeddable":true,"href":"https:\/\/www.foreverqueenbrand.com\/tr\/wp-json\/wp\/v2\/media\/11493"}],"wp:attachment":[{"href":"https:\/\/www.foreverqueenbrand.com\/tr\/wp-json\/wp\/v2\/media?parent=10695"}],"wp:term":[{"taxonomy":"product_brand","embeddable":true,"href":"https:\/\/www.foreverqueenbrand.com\/tr\/wp-json\/wp\/v2\/product_brand?post=10695"},{"taxonomy":"product_cat","embeddable":true,"href":"https:\/\/www.foreverqueenbrand.com\/tr\/wp-json\/wp\/v2\/product_cat?post=10695"},{"taxonomy":"product_tag","embeddable":true,"href":"https:\/\/www.foreverqueenbrand.com\/tr\/wp-json\/wp\/v2\/product_tag?post=10695"}],"curies":[{"name":"wp","href":"https:\/\/api.w.org\/{rel}","templated":true}]}}