{"id":10793,"date":"2024-03-17T20:43:40","date_gmt":"2024-03-17T20:43:40","guid":{"rendered":"https:\/\/www.foreverqueenbrand.com\/product\/black-patent-leather-pumps-with-interlocking-straps\/"},"modified":"2026-03-26T13:07:00","modified_gmt":"2026-03-26T13:07:00","slug":"black-patent-leather-pumps-with-interlocking-straps","status":"publish","type":"product","link":"https:\/\/www.foreverqueenbrand.com\/tr\/urun\/black-patent-leather-pumps-with-interlocking-straps\/","title":{"rendered":"AYAKKABI QUEEN S\u0130YAH PARLAK DER\u0130, KAYI\u015eLI"},"content":{"rendered":"<p>Forever Queen modeli, sandalet ve ayakkab\u0131 kombinleme trendinin son zamanlardaki bir \u00f6rne\u011fi. Hakiki deriden \u00fcretilmi\u015f ve vernikli bir \u00e7ift, her g\u00f6r\u00fcn\u00fcme m\u00fckemmel uyum sa\u011flar. <\/p>\n<p>Ayakkab\u0131lar iki \u00e7apraz kay\u0131\u015fla sabitlenir. Bu, baca\u011f\u0131n ve aya\u011f\u0131n kald\u0131r\u0131lmas\u0131n\u0131 desteklerken ayn\u0131 zamanda sil\u00fceti g\u00f6rsel olarak uzat\u0131r.<br \/>\n\u00d6zelliklerinden biri de m\u00fckemmel denge sa\u011flayan d\u00fcz topuktur.<br \/>\nEkibimiz kalite ve konfora \u00f6zel \u00f6nem verir. Standart ve dar ayaklara uygun bir model sunuyoruz. Daha do\u011fru bir beden se\u00e7imi i\u00e7in aya\u011f\u0131n\u0131z\u0131n uzunlu\u011funu \u00f6l\u00e7\u00fcp beden tablomuzla kar\u015f\u0131la\u015ft\u0131rman\u0131z\u0131 \u00f6neririz.<br \/>\nModel, fabrikasyon taban\u0131nda, ayakkab\u0131lar\u0131 erken a\u015f\u0131nmaya kar\u015f\u0131 koruyan \u00f6zel bir etiketle donat\u0131lm\u0131\u015ft\u0131r.<br \/>\nBug\u00fcn sipari\u015f verin ve ger\u00e7ek bir stil krali\u00e7esi olun!  <\/p>\n","protected":false},"excerpt":{"rendered":"<p>&nbsp;<\/p>\n<table style=\"border-collapse: collapse; width: 100%;\" border=\"1\">\n<tbody>\n<tr>\n<td style=\"width: 36.2826%; text-align: left;\"><strong><span style=\"color: #887568;\">TOPUK Y\u00dcKSEKLI\u0307\u011eI\u0307<\/span> <\/strong><\/td>\n<td style=\"width: 63.7174%; text-align: center;\"><span style=\"color: #887568;\">12 cm.<\/span><\/td>\n<\/tr>\n<tr>\n<td style=\"width: 36.2826%; text-align: left;\"><strong><span style=\"color: #887568;\">SEZON<\/span><\/strong><\/td>\n<td style=\"width: 63.7174%; text-align: center;\"><span style=\"color: #887568;\">ilkbahar yaz sonbahar<\/span><\/td>\n<\/tr>\n<tr>\n<td style=\"width: 36.2826%; text-align: left;\"><strong><span style=\"color: #887568;\">\u00dcST MALZEME<\/span><\/strong><\/td>\n<td style=\"width: 63.7174%; text-align: center;\"><span style=\"color: #887568;\">ger\u00e7ek deri<\/span><\/td>\n<\/tr>\n<tr>\n<td style=\"width: 36.2826%; text-align: left;\"><strong><span style=\"color: #887568;\">AYAKKABI ASTAR MALZEMESI<\/span><\/strong><\/td>\n<td style=\"width: 63.7174%; text-align: center;\"><span style=\"color: #887568;\">hakiki deri<\/span><\/td>\n<\/tr>\n<tr>\n<td style=\"width: 36.2826%; text-align: left;\"><strong><span style=\"color: #887568;\">DI\u015e TABAN MALZEMESI<\/span><\/strong><\/td>\n<td style=\"width: 63.7174%; text-align: center;\"><span style=\"color: #887568;\">kau\u00e7uk<\/span><\/td>\n<\/tr>\n<\/tbody>\n<\/table>\n","protected":false},"featured_media":11572,"comment_status":"open","ping_status":"closed","template":"","meta":[],"product_brand":[],"product_cat":[65,64],"product_tag":[],"class_list":{"0":"post-10793","1":"product","2":"type-product","3":"status-publish","4":"has-post-thumbnail","6":"product_cat-ayakkabilar","7":"product_cat-tum-urunler","9":"first","10":"instock","11":"shipping-taxable","12":"purchasable","13":"product-type-variable","14":"has-default-attributes"},"_links":{"self":[{"href":"https:\/\/www.foreverqueenbrand.com\/tr\/wp-json\/wp\/v2\/product\/10793","targetHints":{"allow":["GET"]}}],"collection":[{"href":"https:\/\/www.foreverqueenbrand.com\/tr\/wp-json\/wp\/v2\/product"}],"about":[{"href":"https:\/\/www.foreverqueenbrand.com\/tr\/wp-json\/wp\/v2\/types\/product"}],"replies":[{"embeddable":true,"href":"https:\/\/www.foreverqueenbrand.com\/tr\/wp-json\/wp\/v2\/comments?post=10793"}],"wp:featuredmedia":[{"embeddable":true,"href":"https:\/\/www.foreverqueenbrand.com\/tr\/wp-json\/wp\/v2\/media\/11572"}],"wp:attachment":[{"href":"https:\/\/www.foreverqueenbrand.com\/tr\/wp-json\/wp\/v2\/media?parent=10793"}],"wp:term":[{"taxonomy":"product_brand","embeddable":true,"href":"https:\/\/www.foreverqueenbrand.com\/tr\/wp-json\/wp\/v2\/product_brand?post=10793"},{"taxonomy":"product_cat","embeddable":true,"href":"https:\/\/www.foreverqueenbrand.com\/tr\/wp-json\/wp\/v2\/product_cat?post=10793"},{"taxonomy":"product_tag","embeddable":true,"href":"https:\/\/www.foreverqueenbrand.com\/tr\/wp-json\/wp\/v2\/product_tag?post=10793"}],"curies":[{"name":"wp","href":"https:\/\/api.w.org\/{rel}","templated":true}]}}