{"id":1102,"date":"2024-03-17T20:43:40","date_gmt":"2024-03-17T20:43:40","guid":{"rendered":"https:\/\/www.foreverqueenbrand.com\/?post_type=product&#038;p=1102"},"modified":"2025-12-16T15:20:52","modified_gmt":"2025-12-16T15:20:52","slug":"beyaz-deri-yuksek-topuklu-ayakkabi","status":"publish","type":"product","link":"https:\/\/www.foreverqueenbrand.com\/tr\/urun\/beyaz-deri-yuksek-topuklu-ayakkabi\/","title":{"rendered":"AYAKKABI QUEEN BEYAZ TEN"},"content":{"rendered":"<p>K\u0131sa ve \u00f6z tasar\u0131ma ve y\u00fcksek stiletto topuklu zarif beyaz topuklu ayakkab\u0131lar. Beyaz pompalar hi\u00e7bir zaman alaka d\u00fczeyini kaybetmeyecek bir klasiktir. Bu kesinlikle sahip olunmas\u0131 gereken bir \u015fey \u00e7\u00fcnk\u00fc beyaz ayakkab\u0131lar hemen hemen her g\u00f6r\u00fcn\u00fcm\u00fc uyumlu bir \u015fekilde tamaml\u0131yor, ona hafiflik ve heyecan verici tazelik veriyor. Sitemizden teslimatla kolayca sat\u0131n alabilece\u011finiz beyaz deri ayakkab\u0131lar, s\u0131k\u0131 ofis tarz\u0131yla m\u00fckemmel bir uyum sa\u011flaman\u0131n yan\u0131 s\u0131ra d\u0131\u015far\u0131 \u00e7\u0131kmak i\u00e7in de m\u00fckemmel bir ayakkab\u0131 se\u00e7ene\u011fi olacakt\u0131r. Klasik 12 santimetrelik stiletto topuk, sil\u00fceti g\u00f6rsel olarak uzatarak kad\u0131ns\u0131 ve seksi bir g\u00f6r\u00fcn\u00fcm yarat\u0131lmas\u0131na yard\u0131mc\u0131 olur. Modeli dikmek i\u00e7in kullan\u0131lan yumu\u015fak hakiki deri, d\u00fc\u015f\u00fcnceli ve rahat uyum ve sa\u011flam topuk, her g\u00fcn topuklu ayakkab\u0131 giyerken tam rahatl\u0131k sa\u011flar. \u00c7evrimi\u00e7i ma\u011fazam\u0131zdaki beyaz deri topuklu ayakkab\u0131lar, moda gard\u0131robunuz i\u00e7in ger\u00e7ek, \u015f\u0131k bir ayr\u0131cal\u0131kt\u0131r!<\/p>\n","protected":false},"excerpt":{"rendered":"<p>&nbsp;<\/p>\n<table style=\"border-collapse: collapse; width: 100%;\" border=\"1\">\n<tbody>\n<tr>\n<td style=\"width: 36.2826%; text-align: left;\"><strong><span style=\"color: #887568;\">TOPUK Y\u00dcKSEKLI\u0307\u011eI\u0307<\/span> <\/strong><\/td>\n<td style=\"width: 63.7174%; text-align: center;\"><span style=\"color: #887568;\">12 cm.<\/span><\/td>\n<\/tr>\n<tr>\n<td style=\"width: 36.2826%; text-align: left;\"><strong><span style=\"color: #887568;\">SEZON<\/span><\/strong><\/td>\n<td style=\"width: 63.7174%; text-align: center;\"><span style=\"color: #887568;\">ilkbahar yaz sonbahar<\/span><\/td>\n<\/tr>\n<tr>\n<td style=\"width: 36.2826%; text-align: left;\"><strong><span style=\"color: #887568;\">\u00dcST MALZEME<\/span><\/strong><\/td>\n<td style=\"width: 63.7174%; text-align: center;\"><span style=\"color: #887568;\">ger\u00e7ek deri<\/span><\/td>\n<\/tr>\n<tr>\n<td style=\"width: 36.2826%; text-align: left;\"><strong><span style=\"color: #887568;\">AYAKKABI ASTAR MALZEMESI<\/span><\/strong><\/td>\n<td style=\"width: 63.7174%; text-align: center;\"><span style=\"color: #887568;\">hakiki deri<\/span><\/td>\n<\/tr>\n<tr>\n<td style=\"width: 36.2826%; text-align: left;\"><strong><span style=\"color: #887568;\">DI\u015e TABAN MALZEMESI<\/span><\/strong><\/td>\n<td style=\"width: 63.7174%; text-align: center;\"><span style=\"color: #887568;\">kau\u00e7uk<\/span><\/td>\n<\/tr>\n<\/tbody>\n<\/table>\n","protected":false},"featured_media":14440,"comment_status":"open","ping_status":"closed","template":"","meta":[],"product_brand":[],"product_cat":[65,64],"product_tag":[],"class_list":{"0":"post-1102","1":"product","2":"type-product","3":"status-publish","4":"has-post-thumbnail","6":"product_cat-ayakkabilar","7":"product_cat-tum-urunler","9":"first","10":"instock","11":"shipping-taxable","12":"purchasable","13":"product-type-variable","14":"has-default-attributes"},"_links":{"self":[{"href":"https:\/\/www.foreverqueenbrand.com\/tr\/wp-json\/wp\/v2\/product\/1102","targetHints":{"allow":["GET"]}}],"collection":[{"href":"https:\/\/www.foreverqueenbrand.com\/tr\/wp-json\/wp\/v2\/product"}],"about":[{"href":"https:\/\/www.foreverqueenbrand.com\/tr\/wp-json\/wp\/v2\/types\/product"}],"replies":[{"embeddable":true,"href":"https:\/\/www.foreverqueenbrand.com\/tr\/wp-json\/wp\/v2\/comments?post=1102"}],"wp:featuredmedia":[{"embeddable":true,"href":"https:\/\/www.foreverqueenbrand.com\/tr\/wp-json\/wp\/v2\/media\/14440"}],"wp:attachment":[{"href":"https:\/\/www.foreverqueenbrand.com\/tr\/wp-json\/wp\/v2\/media?parent=1102"}],"wp:term":[{"taxonomy":"product_brand","embeddable":true,"href":"https:\/\/www.foreverqueenbrand.com\/tr\/wp-json\/wp\/v2\/product_brand?post=1102"},{"taxonomy":"product_cat","embeddable":true,"href":"https:\/\/www.foreverqueenbrand.com\/tr\/wp-json\/wp\/v2\/product_cat?post=1102"},{"taxonomy":"product_tag","embeddable":true,"href":"https:\/\/www.foreverqueenbrand.com\/tr\/wp-json\/wp\/v2\/product_tag?post=1102"}],"curies":[{"name":"wp","href":"https:\/\/api.w.org\/{rel}","templated":true}]}}