{"id":11279,"date":"2025-11-15T13:43:13","date_gmt":"2025-11-15T13:43:13","guid":{"rendered":"https:\/\/www.foreverqueenbrand.com\/product\/over-the-knee-boots-in-black-genuine-leather\/"},"modified":"2025-12-13T15:00:53","modified_gmt":"2025-12-13T15:00:53","slug":"over-the-knee-boots-in-black-genuine-leather","status":"publish","type":"product","link":"https:\/\/www.foreverqueenbrand.com\/tr\/urun\/over-the-knee-boots-in-black-genuine-leather\/","title":{"rendered":"Y\u00dcKSEK \u00c7IZMELER ADELE S\u0130YAH DER\u0130"},"content":{"rendered":"<p>Forever Queen zanaatkarlar\u0131, rahat uyuma odaklanarak yumu\u015fak, hakiki siyah deriden bu \u015f\u0131k diz \u00fcst\u00fc botlar\u0131 tasarlad\u0131lar.<\/p>\n<p>Daralan burunlu ayakkab\u0131lar mini etek g\u00f6r\u00fcn\u00fcm\u00fcn\u00fcn temel bir par\u00e7as\u0131 veya daha sade bir k\u0131yafete basit bir ek olabilir.<\/p>\n<p>Topuk k\u0131sm\u0131 m\u00fckemmel dengeye sahiptir ve aya\u011f\u0131 destekler.<br \/>\nKau\u00e7uk taban, y\u00fcr\u00fcy\u00fc\u015f i\u00e7in sa\u011flam bir taban sa\u011flar, hafif ve yumu\u015fakt\u0131r.<br \/>\nNormal ve dar kal\u0131plar i\u00e7in tam beden \u00f6l\u00e7\u00fcleri sunuyoruz. Daha do\u011fru bir uyum i\u00e7in ayak uzunlu\u011funuzu \u00f6l\u00e7menizi ve beden tablomuzla kar\u015f\u0131la\u015ft\u0131rman\u0131z\u0131 \u00f6neririz.<br \/>\nMaksimum konfor sa\u011flamak i\u00e7in her yeni kal\u0131b\u0131 seri \u00fcretimden \u00f6nce bir ay boyunca test ediyoruz.<br \/>\nBug\u00fcn sipari\u015f verin ve \u015f\u0131k bir sonbahar\u0131n tad\u0131n\u0131 \u00e7\u0131kar\u0131n. <\/p>\n","protected":false},"excerpt":{"rendered":"<table style=\"border-collapse: collapse; width: 931px; height: 125px;\" border=\"1\">\n<tbody>\n<tr>\n<td style=\"width: 36.2826%; text-align: left;\"><strong><span style=\"color: #887568;\">TOPUK Y\u00dcKSEKLI\u0307\u011eI\u0307<\/span> <\/strong><\/td>\n<td style=\"width: 63.7174%; text-align: left;\"><span style=\"color: #887568;\">12 cm.<\/span><\/td>\n<\/tr>\n<tr>\n<td style=\"width: 36.2826%; text-align: left;\"><strong><span style=\"color: #887568;\">SEZON<\/span><\/strong><\/td>\n<td style=\"width: 63.7174%; text-align: left;\"><span style=\"color: #887568;\">ilkbahar yaz sonbahar<\/span><\/td>\n<\/tr>\n<tr>\n<td style=\"width: 36.2826%; text-align: left;\"><strong><span style=\"color: #887568;\">\u00dcST MALZEME<\/span><\/strong><\/td>\n<td style=\"width: 63.7174%; text-align: left;\">Hakiki Deri<\/td>\n<\/tr>\n<tr>\n<td style=\"width: 36.2826%; text-align: left;\"><strong><span style=\"color: #887568;\">AYAKKABI ASTAR MALZEMESI<\/span><\/strong><\/td>\n<td style=\"width: 63.7174%; text-align: left;\"><span style=\"color: #887568;\">hakiki deri<\/span><\/td>\n<\/tr>\n<tr>\n<td style=\"width: 36.2826%; text-align: left;\"><strong><span style=\"color: #887568;\">DI\u015e TABAN MALZEMESI<\/span><\/strong><\/td>\n<td style=\"width: 63.7174%; text-align: left;\"><span style=\"color: #887568;\">kau\u00e7uk<\/span><\/td>\n<\/tr>\n<\/tbody>\n<\/table>\n","protected":false},"featured_media":11330,"comment_status":"closed","ping_status":"closed","template":"","meta":[],"product_brand":[],"product_cat":[64,107],"product_tag":[],"class_list":{"0":"post-11279","1":"product","2":"type-product","3":"status-publish","4":"has-post-thumbnail","6":"product_cat-tum-urunler","7":"product_cat-cizme","9":"first","10":"instock","11":"shipping-taxable","12":"purchasable","13":"product-type-variable","14":"has-default-attributes"},"_links":{"self":[{"href":"https:\/\/www.foreverqueenbrand.com\/tr\/wp-json\/wp\/v2\/product\/11279","targetHints":{"allow":["GET"]}}],"collection":[{"href":"https:\/\/www.foreverqueenbrand.com\/tr\/wp-json\/wp\/v2\/product"}],"about":[{"href":"https:\/\/www.foreverqueenbrand.com\/tr\/wp-json\/wp\/v2\/types\/product"}],"replies":[{"embeddable":true,"href":"https:\/\/www.foreverqueenbrand.com\/tr\/wp-json\/wp\/v2\/comments?post=11279"}],"wp:featuredmedia":[{"embeddable":true,"href":"https:\/\/www.foreverqueenbrand.com\/tr\/wp-json\/wp\/v2\/media\/11330"}],"wp:attachment":[{"href":"https:\/\/www.foreverqueenbrand.com\/tr\/wp-json\/wp\/v2\/media?parent=11279"}],"wp:term":[{"taxonomy":"product_brand","embeddable":true,"href":"https:\/\/www.foreverqueenbrand.com\/tr\/wp-json\/wp\/v2\/product_brand?post=11279"},{"taxonomy":"product_cat","embeddable":true,"href":"https:\/\/www.foreverqueenbrand.com\/tr\/wp-json\/wp\/v2\/product_cat?post=11279"},{"taxonomy":"product_tag","embeddable":true,"href":"https:\/\/www.foreverqueenbrand.com\/tr\/wp-json\/wp\/v2\/product_tag?post=11279"}],"curies":[{"name":"wp","href":"https:\/\/api.w.org\/{rel}","templated":true}]}}