{"id":11983,"date":"2026-01-06T14:29:57","date_gmt":"2026-01-06T14:29:57","guid":{"rendered":"https:\/\/www.foreverqueenbrand.com\/product\/queen-shoes-black-patent-leather\/"},"modified":"2026-03-26T12:35:46","modified_gmt":"2026-03-26T12:35:46","slug":"queen-shoes-black-patent-leather","status":"publish","type":"product","link":"https:\/\/www.foreverqueenbrand.com\/tr\/urun\/queen-shoes-black-patent-leather\/","title":{"rendered":"QUEEN S\u0130YAH RUH DER\u0130 V-KESIM"},"content":{"rendered":"<p>Klasik topuklu ayakkab\u0131lar, t\u00fcm zamanlar\u0131n en \u00e7ok y\u00f6nl\u00fc ayakkab\u0131 stillerinden biridir.<\/p>\n<p>Forever Queen offers a patent leather model in a versatile black color.<\/p>\n<p>Geni\u015f beden yelpazemiz, her kesimden kad\u0131n\u0131n ihtiya\u00e7lar\u0131n\u0131 kar\u015f\u0131layacakt\u0131r.<br \/>\nTopuk m\u00fckemmel bir dengeye sahiptir ve uzun s\u00fcreli destek sa\u011flar.<br \/>\nHem standart hem de dar kal\u0131plar i\u00e7in ger\u00e7ek \u00f6l\u00e7\u00fclere uygun bir model geli\u015ftirdik. Daha do\u011fru bir uyum i\u00e7in ayak uzunlu\u011funuzu \u00f6l\u00e7\u00fcp beden tablomuzla kar\u015f\u0131la\u015ft\u0131rman\u0131z\u0131 \u00f6neririz.<br \/>\nY\u0131llar\u0131n deneyimiyle geli\u015ftirilen ayakkab\u0131 modellerimizin kal\u0131b\u0131, g\u00fcven ve rahatl\u0131k sa\u011flayacakt\u0131r.<br \/>\nBug\u00fcn sipari\u015f verin ve ger\u00e7ek bir krali\u00e7e olun! <\/p>\n","protected":false},"excerpt":{"rendered":"<table style=\"border-collapse: collapse; width: 931px; height: 125px;\" border=\"1\">\n<tbody>\n<tr>\n<td style=\"width: 36.2826%; text-align: left;\"><strong><span style=\"color: #887568;\">TOPUK Y\u00dcKSEKLI\u0307\u011eI\u0307<\/span> <\/strong><\/td>\n<td style=\"width: 63.7174%; text-align: left;\"><span style=\"color: #887568;\">12 cm.<\/span><\/td>\n<\/tr>\n<tr>\n<td style=\"width: 36.2826%; text-align: left;\"><strong><span style=\"color: #887568;\">SEZON<\/span><\/strong><\/td>\n<td style=\"width: 63.7174%; text-align: left;\"><span style=\"color: #887568;\">ilkbahar yaz sonbahar<\/span><\/td>\n<\/tr>\n<tr>\n<td style=\"width: 36.2826%; text-align: left;\"><strong><span style=\"color: #887568;\">\u00dcST MALZEME<\/span><\/strong><\/td>\n<td style=\"width: 63.7174%; text-align: left;\">Hakiki Deri<\/td>\n<\/tr>\n<tr>\n<td style=\"width: 36.2826%; text-align: left;\"><strong><span style=\"color: #887568;\">AYAKKABI ASTAR MALZEMESI<\/span><\/strong><\/td>\n<td style=\"width: 63.7174%; text-align: left;\"><span style=\"color: #887568;\">hakiki deri<\/span><\/td>\n<\/tr>\n<tr>\n<td style=\"width: 36.2826%; text-align: left;\"><strong><span style=\"color: #887568;\">DI\u015e TABAN MALZEMESI<\/span><\/strong><\/td>\n<td style=\"width: 63.7174%; text-align: left;\"><span style=\"color: #887568;\">kau\u00e7uk<\/span><\/td>\n<\/tr>\n<\/tbody>\n<\/table>\n","protected":false},"featured_media":14662,"comment_status":"closed","ping_status":"closed","template":"","meta":[],"product_brand":[],"product_cat":[65,64],"product_tag":[],"class_list":{"0":"post-11983","1":"product","2":"type-product","3":"status-publish","4":"has-post-thumbnail","6":"product_cat-ayakkabilar","7":"product_cat-tum-urunler","9":"first","10":"instock","11":"shipping-taxable","12":"purchasable","13":"product-type-variable","14":"has-default-attributes"},"_links":{"self":[{"href":"https:\/\/www.foreverqueenbrand.com\/tr\/wp-json\/wp\/v2\/product\/11983","targetHints":{"allow":["GET"]}}],"collection":[{"href":"https:\/\/www.foreverqueenbrand.com\/tr\/wp-json\/wp\/v2\/product"}],"about":[{"href":"https:\/\/www.foreverqueenbrand.com\/tr\/wp-json\/wp\/v2\/types\/product"}],"replies":[{"embeddable":true,"href":"https:\/\/www.foreverqueenbrand.com\/tr\/wp-json\/wp\/v2\/comments?post=11983"}],"wp:featuredmedia":[{"embeddable":true,"href":"https:\/\/www.foreverqueenbrand.com\/tr\/wp-json\/wp\/v2\/media\/14662"}],"wp:attachment":[{"href":"https:\/\/www.foreverqueenbrand.com\/tr\/wp-json\/wp\/v2\/media?parent=11983"}],"wp:term":[{"taxonomy":"product_brand","embeddable":true,"href":"https:\/\/www.foreverqueenbrand.com\/tr\/wp-json\/wp\/v2\/product_brand?post=11983"},{"taxonomy":"product_cat","embeddable":true,"href":"https:\/\/www.foreverqueenbrand.com\/tr\/wp-json\/wp\/v2\/product_cat?post=11983"},{"taxonomy":"product_tag","embeddable":true,"href":"https:\/\/www.foreverqueenbrand.com\/tr\/wp-json\/wp\/v2\/product_tag?post=11983"}],"curies":[{"name":"wp","href":"https:\/\/api.w.org\/{rel}","templated":true}]}}