{"id":1206,"date":"2024-03-17T20:43:39","date_gmt":"2024-03-17T20:43:39","guid":{"rendered":"https:\/\/www.foreverqueenbrand.com\/?post_type=product&#038;p=1206"},"modified":"2026-01-14T18:03:46","modified_gmt":"2026-01-14T18:03:46","slug":"leopar-desenli-patent-deri-ayakkabi","status":"publish","type":"product","link":"https:\/\/www.foreverqueenbrand.com\/tr\/urun\/leopar-desenli-patent-deri-ayakkabi\/","title":{"rendered":"AYAKKABI QUEEN LEOPAR DESENL\u0130 DER\u0130"},"content":{"rendered":"<p>Klasik ayakkab\u0131lar her zaman ayakkab\u0131 gard\u0131robunun en \u00e7ok y\u00f6nl\u00fc par\u00e7alar\u0131ndan biridir. Forever Queen, hayvan desenli leopar bask\u0131l\u0131 rugan bir model sunuyor. Bu ikili, hem ofis hem de tatil g\u00f6r\u00fcn\u00fcmlerine harika bir katk\u0131 sa\u011flayacak.  <\/p>\n<p>Geni\u015f beden yelpazesi, \u00e7ok \u00e7e\u015fitli k\u0131zlar\u0131n ihtiya\u00e7lar\u0131n\u0131 kar\u015f\u0131layacakt\u0131r.<br \/>\nTopuk m\u00fckemmel bir \u015fekilde dengelenmi\u015ftir, bu da aya\u011f\u0131n uzun s\u00fcre desteklenece\u011fi anlam\u0131na gelir.<br \/>\nEkibimiz kaliteye \u00f6zel \u00f6nem vermektedir. Standart ve dar ayaklar i\u00e7in uygun bir model sunuyoruz ve daha do\u011fru bir beden se\u00e7imi i\u00e7in ayak uzunlu\u011funuzu \u00f6l\u00e7menizi ve beden tablomuzla kar\u015f\u0131la\u015ft\u0131rman\u0131z\u0131 \u00f6neririz.<br \/>\nBug\u00fcn sipari\u015f verin ve ger\u00e7ek bir krali\u00e7e olun! <\/p>\n","protected":false},"excerpt":{"rendered":"<p>&nbsp;<\/p>\n<table style=\"border-collapse: collapse; width: 100%;\" border=\"1\">\n<tbody>\n<tr>\n<td style=\"width: 36.2826%; text-align: left;\"><strong><span style=\"color: #887568;\">TOPUK Y\u00dcKSEKLI\u0307\u011eI\u0307<\/span> <\/strong><\/td>\n<td style=\"width: 63.7174%; text-align: center;\"><span style=\"color: #887568;\">12 cm.<\/span><\/td>\n<\/tr>\n<tr>\n<td style=\"width: 36.2826%; text-align: left;\"><strong><span style=\"color: #887568;\">SEZON<\/span><\/strong><\/td>\n<td style=\"width: 63.7174%; text-align: center;\"><span style=\"color: #887568;\">ilkbahar yaz sonbahar<\/span><\/td>\n<\/tr>\n<tr>\n<td style=\"width: 36.2826%; text-align: left;\"><strong><span style=\"color: #887568;\">\u00dcST MALZEME<\/span><\/strong><\/td>\n<td style=\"width: 63.7174%; text-align: center;\"><span style=\"color: #887568;\">ger\u00e7ek deri<\/span><\/td>\n<\/tr>\n<tr>\n<td style=\"width: 36.2826%; text-align: left;\"><strong><span style=\"color: #887568;\">AYAKKABI ASTAR MALZEMESI<\/span><\/strong><\/td>\n<td style=\"width: 63.7174%; text-align: center;\"><span style=\"color: #887568;\">hakiki deri<\/span><\/td>\n<\/tr>\n<tr>\n<td style=\"width: 36.2826%; text-align: left;\"><strong><span style=\"color: #887568;\">DI\u015e TABAN MALZEMESI<\/span><\/strong><\/td>\n<td style=\"width: 63.7174%; text-align: center;\"><span style=\"color: #887568;\">kau\u00e7uk<\/span><\/td>\n<\/tr>\n<\/tbody>\n<\/table>\n","protected":false},"featured_media":14761,"comment_status":"open","ping_status":"closed","template":"","meta":[],"product_brand":[],"product_cat":[65,129,64],"product_tag":[],"class_list":{"0":"post-1206","1":"product","2":"type-product","3":"status-publish","4":"has-post-thumbnail","6":"product_cat-ayakkabilar","7":"product_cat-indirim","8":"product_cat-tum-urunler","10":"first","11":"instock","12":"sale","13":"shipping-taxable","14":"purchasable","15":"product-type-variable","16":"has-default-attributes"},"_links":{"self":[{"href":"https:\/\/www.foreverqueenbrand.com\/tr\/wp-json\/wp\/v2\/product\/1206","targetHints":{"allow":["GET"]}}],"collection":[{"href":"https:\/\/www.foreverqueenbrand.com\/tr\/wp-json\/wp\/v2\/product"}],"about":[{"href":"https:\/\/www.foreverqueenbrand.com\/tr\/wp-json\/wp\/v2\/types\/product"}],"replies":[{"embeddable":true,"href":"https:\/\/www.foreverqueenbrand.com\/tr\/wp-json\/wp\/v2\/comments?post=1206"}],"wp:featuredmedia":[{"embeddable":true,"href":"https:\/\/www.foreverqueenbrand.com\/tr\/wp-json\/wp\/v2\/media\/14761"}],"wp:attachment":[{"href":"https:\/\/www.foreverqueenbrand.com\/tr\/wp-json\/wp\/v2\/media?parent=1206"}],"wp:term":[{"taxonomy":"product_brand","embeddable":true,"href":"https:\/\/www.foreverqueenbrand.com\/tr\/wp-json\/wp\/v2\/product_brand?post=1206"},{"taxonomy":"product_cat","embeddable":true,"href":"https:\/\/www.foreverqueenbrand.com\/tr\/wp-json\/wp\/v2\/product_cat?post=1206"},{"taxonomy":"product_tag","embeddable":true,"href":"https:\/\/www.foreverqueenbrand.com\/tr\/wp-json\/wp\/v2\/product_tag?post=1206"}],"curies":[{"name":"wp","href":"https:\/\/api.w.org\/{rel}","templated":true}]}}