{"id":1214,"date":"2024-03-17T20:45:22","date_gmt":"2024-03-17T20:45:22","guid":{"rendered":"https:\/\/www.foreverqueenbrand.com\/?post_type=product&#038;p=1214"},"modified":"2026-01-14T18:04:29","modified_gmt":"2026-01-14T18:04:29","slug":"kayisli-siyah-rugan-ayakkabi","status":"publish","type":"product","link":"https:\/\/www.foreverqueenbrand.com\/tr\/urun\/kayisli-siyah-rugan-ayakkabi\/","title":{"rendered":"AYAKKABI QUEEN S\u0130YAH PARLAK DER\u0130, KAYI\u015eLI"},"content":{"rendered":"<p>Siyah rugan Forever Queen ayakkab\u0131lar, her \u015f\u0131k k\u0131z\u0131n gard\u0131robuna m\u00fckemmel bir ektir!<\/p>\n<p>Bu \u00e7ift hakiki deriden \u00fcretilmi\u015ftir ve her tarza m\u00fckemmel uyum sa\u011flar.<\/p>\n<ul>\n<li>Tasar\u0131mc\u0131lar\u0131m\u0131z modele ayak bile\u011fini g\u00f6rsel olarak vurgulayan bir kay\u0131\u015f ekledi.<\/li>\n<li>Model, standart ve dar ayaklara uyacak \u015fekilde \u00fcretilmi\u015ftir ve daha do\u011fru bir beden se\u00e7imi i\u00e7in aya\u011f\u0131n\u0131z\u0131n uzunlu\u011funu \u00f6l\u00e7menizi ve beden tablomuzla kar\u015f\u0131la\u015ft\u0131rman\u0131z\u0131 \u00f6neririz.<\/li>\n<li>Model, fabrika taban\u0131nda ayakkab\u0131lar\u0131 erken a\u015f\u0131nmaya kar\u015f\u0131 koruyan \u00f6zel bir \u00e7\u0131kartma ile donat\u0131lm\u0131\u015ft\u0131r. Ayakkab\u0131 modellerimiz i\u00e7in uzun y\u0131llar\u0131n tecr\u00fcbesi sonucu geli\u015ftirilen taban, giyerken kendinizi g\u00fcvende hissetmenizi sa\u011flayacak ve konfor sunacakt\u0131r.<\/li>\n<\/ul>\n<p>Bug\u00fcn sipari\u015f verin ve ger\u00e7ek bir stil krali\u00e7esi olun!<\/p>\n","protected":false},"excerpt":{"rendered":"<p>&nbsp;<\/p>\n<table style=\"border-collapse: collapse; width: 100%;\" border=\"1\">\n<tbody>\n<tr>\n<td style=\"width: 36.2826%; text-align: left;\"><strong><span style=\"color: #887568;\">TOPUK Y\u00dcKSEKLI\u0307\u011eI\u0307<\/span> <\/strong><\/td>\n<td style=\"width: 63.7174%; text-align: center;\"><span style=\"color: #887568;\">12 cm.<\/span><\/td>\n<\/tr>\n<tr>\n<td style=\"width: 36.2826%; text-align: left;\"><strong><span style=\"color: #887568;\">SEZON<\/span><\/strong><\/td>\n<td style=\"width: 63.7174%; text-align: center;\"><span style=\"color: #887568;\">ilkbahar yaz sonbahar<\/span><\/td>\n<\/tr>\n<tr>\n<td style=\"width: 36.2826%; text-align: left;\"><strong><span style=\"color: #887568;\">\u00dcST MALZEME<\/span><\/strong><\/td>\n<td style=\"width: 63.7174%; text-align: center;\"><span style=\"color: #887568;\">ger\u00e7ek deri<\/span><\/td>\n<\/tr>\n<tr>\n<td style=\"width: 36.2826%; text-align: left;\"><strong><span style=\"color: #887568;\">AYAKKABI ASTAR MALZEMESI<\/span><\/strong><\/td>\n<td style=\"width: 63.7174%; text-align: center;\"><span style=\"color: #887568;\">hakiki deri<\/span><\/td>\n<\/tr>\n<tr>\n<td style=\"width: 36.2826%; text-align: left;\"><strong><span style=\"color: #887568;\">DI\u015e TABAN MALZEMESI<\/span><\/strong><\/td>\n<td style=\"width: 63.7174%; text-align: center;\"><span style=\"color: #887568;\">kau\u00e7uk<\/span><\/td>\n<\/tr>\n<\/tbody>\n<\/table>\n","protected":false},"featured_media":2814,"comment_status":"open","ping_status":"closed","template":"","meta":[],"product_brand":[],"product_cat":[65,129,64],"product_tag":[],"class_list":{"0":"post-1214","1":"product","2":"type-product","3":"status-publish","4":"has-post-thumbnail","6":"product_cat-ayakkabilar","7":"product_cat-indirim","8":"product_cat-tum-urunler","10":"first","11":"instock","12":"sale","13":"shipping-taxable","14":"purchasable","15":"product-type-variable"},"_links":{"self":[{"href":"https:\/\/www.foreverqueenbrand.com\/tr\/wp-json\/wp\/v2\/product\/1214","targetHints":{"allow":["GET"]}}],"collection":[{"href":"https:\/\/www.foreverqueenbrand.com\/tr\/wp-json\/wp\/v2\/product"}],"about":[{"href":"https:\/\/www.foreverqueenbrand.com\/tr\/wp-json\/wp\/v2\/types\/product"}],"replies":[{"embeddable":true,"href":"https:\/\/www.foreverqueenbrand.com\/tr\/wp-json\/wp\/v2\/comments?post=1214"}],"wp:featuredmedia":[{"embeddable":true,"href":"https:\/\/www.foreverqueenbrand.com\/tr\/wp-json\/wp\/v2\/media\/2814"}],"wp:attachment":[{"href":"https:\/\/www.foreverqueenbrand.com\/tr\/wp-json\/wp\/v2\/media?parent=1214"}],"wp:term":[{"taxonomy":"product_brand","embeddable":true,"href":"https:\/\/www.foreverqueenbrand.com\/tr\/wp-json\/wp\/v2\/product_brand?post=1214"},{"taxonomy":"product_cat","embeddable":true,"href":"https:\/\/www.foreverqueenbrand.com\/tr\/wp-json\/wp\/v2\/product_cat?post=1214"},{"taxonomy":"product_tag","embeddable":true,"href":"https:\/\/www.foreverqueenbrand.com\/tr\/wp-json\/wp\/v2\/product_tag?post=1214"}],"curies":[{"name":"wp","href":"https:\/\/api.w.org\/{rel}","templated":true}]}}