{"id":1222,"date":"2024-03-17T20:45:25","date_gmt":"2024-03-17T20:45:25","guid":{"rendered":"https:\/\/www.foreverqueenbrand.com\/?post_type=product&#038;p=1222"},"modified":"2026-01-14T17:59:34","modified_gmt":"2026-01-14T17:59:34","slug":"leo-ic-tabanli-ve-ince-topuklu-hakiki-rugan-kadin-ayakkabisi","status":"publish","type":"product","link":"https:\/\/www.foreverqueenbrand.com\/tr\/urun\/leo-ic-tabanli-ve-ince-topuklu-hakiki-rugan-kadin-ayakkabisi\/","title":{"rendered":"AYAKKABI QUEEN"},"content":{"rendered":"<p>Stiletto topuklu siyah ayakkab\u0131lar Forever Queen&#8217;in muhte\u015fem yeni \u00fcr\u00fcn\u00fc.<\/p>\n<p>Gard\u0131robunuzun ayr\u0131lmaz bir par\u00e7as\u0131 haline gelecek, her g\u00f6r\u00fcn\u00fcme lezzet katacak ve ister bir ofis toplant\u0131s\u0131, ister romantik bir ak\u015fam yeme\u011fi veya arkada\u015flarla bir parti olsun, her etkinlik i\u00e7in uygundur.<\/p>\n<ul>\n<li>Lake y\u00fczey, burun k\u0131sm\u0131ndaki fig\u00fcrl\u00fc kesik ve bask\u0131l\u0131 i\u00e7 k\u0131s\u0131m ayakkab\u0131lara \u00f6zel bir \u00e7ekicilik kat\u0131yor.<\/li>\n<li>Ekibimiz kaliteye \u00f6zel \u00f6nem vermektedir. Standart ve dar ayaklara uyan bir model sunuyoruz ve daha do\u011fru bir beden se\u00e7imi i\u00e7in aya\u011f\u0131n\u0131z\u0131n uzunlu\u011funu \u00f6l\u00e7menizi ve bunu beden tablomuzla kar\u015f\u0131la\u015ft\u0131rman\u0131z\u0131 \u00f6neririz.<\/li>\n<\/ul>\n<p>Yeni s\u00fcet topuklu ayakkab\u0131lar\u0131m\u0131zla stil fantezilerinizi ya\u015fay\u0131n.<\/p>\n<p>Bug\u00fcn sipari\u015f verin ve her durumda kendinize g\u00fcvenin.<\/p>\n","protected":false},"excerpt":{"rendered":"<p>&nbsp;<\/p>\n<table style=\"border-collapse: collapse; width: 100%;\" border=\"1\">\n<tbody>\n<tr>\n<td style=\"width: 36.2826%; text-align: left;\"><strong><span style=\"color: #887568;\">TOPUK Y\u00dcKSEKLI\u0307\u011eI\u0307<\/span> <\/strong><\/td>\n<td style=\"width: 63.7174%; text-align: center;\"><span style=\"color: #887568;\">12 cm.<\/span><\/td>\n<\/tr>\n<tr>\n<td style=\"width: 36.2826%; text-align: left;\"><strong><span style=\"color: #887568;\">SEZON<\/span><\/strong><\/td>\n<td style=\"width: 63.7174%; text-align: center;\"><span style=\"color: #887568;\">ilkbahar yaz sonbahar<\/span><\/td>\n<\/tr>\n<tr>\n<td style=\"width: 36.2826%; text-align: left;\"><strong><span style=\"color: #887568;\">\u00dcST MALZEME<\/span><\/strong><\/td>\n<td style=\"width: 63.7174%; text-align: center;\"><span style=\"color: #887568;\">ger\u00e7ek deri<\/span><\/td>\n<\/tr>\n<tr>\n<td style=\"width: 36.2826%; text-align: left;\"><strong><span style=\"color: #887568;\">AYAKKABI ASTAR MALZEMESI<\/span><\/strong><\/td>\n<td style=\"width: 63.7174%; text-align: center;\"><span style=\"color: #887568;\">hakiki deri<\/span><\/td>\n<\/tr>\n<tr>\n<td style=\"width: 36.2826%; text-align: left;\"><strong><span style=\"color: #887568;\">DI\u015e TABAN MALZEMESI<\/span><\/strong><\/td>\n<td style=\"width: 63.7174%; text-align: center;\"><span style=\"color: #887568;\">kau\u00e7uk<\/span><\/td>\n<\/tr>\n<\/tbody>\n<\/table>\n","protected":false},"featured_media":14755,"comment_status":"open","ping_status":"closed","template":"","meta":[],"product_brand":[],"product_cat":[65,129,64],"product_tag":[],"class_list":{"0":"post-1222","1":"product","2":"type-product","3":"status-publish","4":"has-post-thumbnail","6":"product_cat-ayakkabilar","7":"product_cat-indirim","8":"product_cat-tum-urunler","10":"first","11":"instock","12":"sale","13":"shipping-taxable","14":"purchasable","15":"product-type-variable","16":"has-default-attributes"},"_links":{"self":[{"href":"https:\/\/www.foreverqueenbrand.com\/tr\/wp-json\/wp\/v2\/product\/1222","targetHints":{"allow":["GET"]}}],"collection":[{"href":"https:\/\/www.foreverqueenbrand.com\/tr\/wp-json\/wp\/v2\/product"}],"about":[{"href":"https:\/\/www.foreverqueenbrand.com\/tr\/wp-json\/wp\/v2\/types\/product"}],"replies":[{"embeddable":true,"href":"https:\/\/www.foreverqueenbrand.com\/tr\/wp-json\/wp\/v2\/comments?post=1222"}],"wp:featuredmedia":[{"embeddable":true,"href":"https:\/\/www.foreverqueenbrand.com\/tr\/wp-json\/wp\/v2\/media\/14755"}],"wp:attachment":[{"href":"https:\/\/www.foreverqueenbrand.com\/tr\/wp-json\/wp\/v2\/media?parent=1222"}],"wp:term":[{"taxonomy":"product_brand","embeddable":true,"href":"https:\/\/www.foreverqueenbrand.com\/tr\/wp-json\/wp\/v2\/product_brand?post=1222"},{"taxonomy":"product_cat","embeddable":true,"href":"https:\/\/www.foreverqueenbrand.com\/tr\/wp-json\/wp\/v2\/product_cat?post=1222"},{"taxonomy":"product_tag","embeddable":true,"href":"https:\/\/www.foreverqueenbrand.com\/tr\/wp-json\/wp\/v2\/product_tag?post=1222"}],"curies":[{"name":"wp","href":"https:\/\/api.w.org\/{rel}","templated":true}]}}