{"id":12269,"date":"2026-01-12T15:12:41","date_gmt":"2026-01-12T15:12:41","guid":{"rendered":"https:\/\/www.foreverqueenbrand.com\/product\/mules-bella-white-skin\/"},"modified":"2026-03-01T13:50:10","modified_gmt":"2026-03-01T13:50:10","slug":"mules-bella-white-skin","status":"publish","type":"product","link":"https:\/\/www.foreverqueenbrand.com\/tr\/urun\/mules-bella-white-skin\/","title":{"rendered":"TERL\u0130K BELLA BEYAZ TEN"},"content":{"rendered":"<p>10 cm topuklu, beyaz hakiki deri terlikler, Forever Queen&#8217;in g\u00f6z al\u0131c\u0131 yeni koleksiyonuna bir katk\u0131 sa\u011fl\u0131yor.<\/p>\n<p>BORDO RAVENT DER\u0130 Y\u00dcKSEK TOPUKLU AYAKKABILAR<\/p>\n<p>Ekibimiz kaliteye \u00f6zel \u00f6nem vermektedir. Normal ve dar kal\u0131plar i\u00e7in tam beden terlikler sunuyoruz. Daha do\u011fru bir uyum i\u00e7in, ayak uzunlu\u011funuzu \u00f6l\u00e7menizi ve beden tablomuzla kar\u015f\u0131la\u015ft\u0131rman\u0131z\u0131 \u00f6neririz.<br \/>\nYeni beyaz terliklerimizle \u015f\u0131k hayallerinizi ger\u00e7e\u011fe d\u00f6n\u00fc\u015ft\u00fcr\u00fcn.  <\/p>\n<p>Bug\u00fcn sipari\u015f verin ve her durumda kendinize g\u00fcvenin.<\/p>\n","protected":false},"excerpt":{"rendered":"<table style=\"border-collapse: collapse; width: 929px; height: 107px;\" border=\"1\">\n<tbody>\n<tr>\n<td style=\"width: 36.2826%; text-align: left;\"><strong><span style=\"color: #887568;\">TOPUK Y\u00dcKSEKLI\u0307\u011eI\u0307<\/span> <\/strong><\/td>\n<td style=\"width: 63.7174%; text-align: left;\"><span style=\"color: #887568;\">10 cm.<\/span><\/td>\n<\/tr>\n<tr>\n<td style=\"width: 36.2826%; text-align: left;\"><strong><span style=\"color: #887568;\">SEZON<\/span><\/strong><\/td>\n<td style=\"width: 63.7174%; text-align: left;\"><span style=\"color: #887568;\">ilkbahar yaz sonbahar<\/span><\/td>\n<\/tr>\n<tr>\n<td style=\"width: 36.2826%; text-align: left;\"><strong><span style=\"color: #887568;\">\u00dcST MALZEME<\/span><\/strong><\/td>\n<td style=\"width: 63.7174%; text-align: left;\">Hakiki Deri<\/td>\n<\/tr>\n<tr>\n<td style=\"width: 36.2826%; text-align: left;\"><strong><span style=\"color: #887568;\">AYAKKABI ASTAR MALZEMESI<\/span><\/strong><\/td>\n<td style=\"width: 63.7174%; text-align: left;\"><span style=\"color: #887568;\">hakiki deri<\/span><\/td>\n<\/tr>\n<tr>\n<td style=\"width: 36.2826%; text-align: left;\"><strong><span style=\"color: #887568;\">DI\u015e TABAN MALZEMESI<\/span><\/strong><\/td>\n<td style=\"width: 63.7174%; text-align: left;\"><span style=\"color: #887568;\">kau\u00e7uk<\/span><\/td>\n<\/tr>\n<\/tbody>\n<\/table>\n","protected":false},"featured_media":14181,"comment_status":"closed","ping_status":"closed","template":"","meta":[],"product_brand":[],"product_cat":[93,64],"product_tag":[],"class_list":{"0":"post-12269","1":"product","2":"type-product","3":"status-publish","4":"has-post-thumbnail","6":"product_cat-terlik","7":"product_cat-tum-urunler","9":"first","10":"instock","11":"shipping-taxable","12":"purchasable","13":"product-type-variable","14":"has-default-attributes"},"_links":{"self":[{"href":"https:\/\/www.foreverqueenbrand.com\/tr\/wp-json\/wp\/v2\/product\/12269","targetHints":{"allow":["GET"]}}],"collection":[{"href":"https:\/\/www.foreverqueenbrand.com\/tr\/wp-json\/wp\/v2\/product"}],"about":[{"href":"https:\/\/www.foreverqueenbrand.com\/tr\/wp-json\/wp\/v2\/types\/product"}],"replies":[{"embeddable":true,"href":"https:\/\/www.foreverqueenbrand.com\/tr\/wp-json\/wp\/v2\/comments?post=12269"}],"wp:featuredmedia":[{"embeddable":true,"href":"https:\/\/www.foreverqueenbrand.com\/tr\/wp-json\/wp\/v2\/media\/14181"}],"wp:attachment":[{"href":"https:\/\/www.foreverqueenbrand.com\/tr\/wp-json\/wp\/v2\/media?parent=12269"}],"wp:term":[{"taxonomy":"product_brand","embeddable":true,"href":"https:\/\/www.foreverqueenbrand.com\/tr\/wp-json\/wp\/v2\/product_brand?post=12269"},{"taxonomy":"product_cat","embeddable":true,"href":"https:\/\/www.foreverqueenbrand.com\/tr\/wp-json\/wp\/v2\/product_cat?post=12269"},{"taxonomy":"product_tag","embeddable":true,"href":"https:\/\/www.foreverqueenbrand.com\/tr\/wp-json\/wp\/v2\/product_tag?post=12269"}],"curies":[{"name":"wp","href":"https:\/\/api.w.org\/{rel}","templated":true}]}}