{"id":15052,"date":"2026-04-03T09:32:01","date_gmt":"2026-04-03T09:32:01","guid":{"rendered":"https:\/\/www.foreverqueenbrand.com\/product\/sandals-adele-black-leather\/"},"modified":"2026-04-03T09:34:13","modified_gmt":"2026-04-03T09:34:13","slug":"sandals-adele-black-leather","status":"publish","type":"product","link":"https:\/\/www.foreverqueenbrand.com\/tr\/urun\/sandals-adele-black-leather\/","title":{"rendered":"SANDALET ADELE S\u0130YAH DER\u0130"},"content":{"rendered":"<p>Sandaletler, t\u00fcm zamanlar\u0131n en \u00e7ok y\u00f6nl\u00fc ayakkab\u0131 \u00fcr\u00fcnlerinden biridir.<br \/>Forever Queen, hakiki siyah deriden yap\u0131lm\u0131\u015f bir model sunuyor.<br \/>\nBir \u00e7ift sandalet, hem resmi hem de g\u00fcnl\u00fck g\u00f6r\u00fcn\u00fcmlerin m\u00fckemmel tamamlay\u0131c\u0131s\u0131 olacakt\u0131r.<\/p>\n<p>Geni\u015f beden yelpazesi, \u00e7ok \u00e7e\u015fitli kad\u0131nlar\u0131n ihtiya\u00e7lar\u0131n\u0131 kar\u015f\u0131layacakt\u0131r.<br \/>\nTopuk m\u00fckemmel bir \u015fekilde dengelenmi\u015ftir ve uzun s\u00fcreli destek sa\u011flar.<br \/>\nEkibimiz kaliteye \u00f6zel \u00f6nem vermektedir. Hem standart hem de dar geni\u015flikler i\u00e7in tam beden modeller sunuyoruz. Daha do\u011fru bir uyum i\u00e7in, ayak uzunlu\u011funuzu \u00f6l\u00e7menizi ve beden tablomuzla kar\u015f\u0131la\u015ft\u0131rman\u0131z\u0131 \u00f6neririz.<br \/>\nKendi b\u00fcnyemizde \u00fcretilen, iyi tasarlanm\u0131\u015f kal\u0131p, modellerimizde g\u00fcn boyu kendinizi g\u00fcvende ve rahat hissetmenizi sa\u011flayacakt\u0131r.<br \/>\nBug\u00fcn sipari\u015f verin ve ger\u00e7ek bir krali\u00e7e olun!  <\/p>\n","protected":false},"excerpt":{"rendered":"<table style=\"border-collapse: collapse; width: 931px; height: 125px;\" border=\"1\">\n<tbody>\n<tr>\n<td style=\"width: 36.2826%; text-align: left;\"><strong><span style=\"color: #887568;\">TOPUK Y\u00dcKSEKLI\u0307\u011eI\u0307<\/span> <\/strong><\/td>\n<td style=\"width: 63.7174%; text-align: left;\"><span style=\"color: #887568;\">12 cm.<\/span><\/td>\n<\/tr>\n<tr>\n<td style=\"width: 36.2826%; text-align: left;\"><strong><span style=\"color: #887568;\">SEZON<\/span><\/strong><\/td>\n<td style=\"width: 63.7174%; text-align: left;\"><span style=\"color: #887568;\">ilkbahar yaz sonbahar<\/span><\/td>\n<\/tr>\n<tr>\n<td style=\"width: 36.2826%; text-align: left;\"><strong><span style=\"color: #887568;\">\u00dcST MALZEME<\/span><\/strong><\/td>\n<td style=\"width: 63.7174%; text-align: left;\">Hakiki Deri<\/td>\n<\/tr>\n<tr>\n<td style=\"width: 36.2826%; text-align: left;\"><strong><span style=\"color: #887568;\">AYAKKABI ASTAR MALZEMESI<\/span><\/strong><\/td>\n<td style=\"width: 63.7174%; text-align: left;\"><span style=\"color: #887568;\">hakiki deri<\/span><\/td>\n<\/tr>\n<tr>\n<td style=\"width: 36.2826%; text-align: left;\"><strong><span style=\"color: #887568;\">DI\u015e TABAN MALZEMESI<\/span><\/strong><\/td>\n<td style=\"width: 63.7174%; text-align: left;\"><span style=\"color: #887568;\">kau\u00e7uk<\/span><\/td>\n<\/tr>\n<\/tbody>\n<\/table>\n","protected":false},"featured_media":15045,"comment_status":"closed","ping_status":"closed","template":"","meta":[],"product_brand":[],"product_cat":[92,64],"product_tag":[],"class_list":{"0":"post-15052","1":"product","2":"type-product","3":"status-publish","4":"has-post-thumbnail","6":"product_cat-sandalet","7":"product_cat-tum-urunler","9":"first","10":"instock","11":"shipping-taxable","12":"purchasable","13":"product-type-variable","14":"has-default-attributes"},"_links":{"self":[{"href":"https:\/\/www.foreverqueenbrand.com\/tr\/wp-json\/wp\/v2\/product\/15052","targetHints":{"allow":["GET"]}}],"collection":[{"href":"https:\/\/www.foreverqueenbrand.com\/tr\/wp-json\/wp\/v2\/product"}],"about":[{"href":"https:\/\/www.foreverqueenbrand.com\/tr\/wp-json\/wp\/v2\/types\/product"}],"replies":[{"embeddable":true,"href":"https:\/\/www.foreverqueenbrand.com\/tr\/wp-json\/wp\/v2\/comments?post=15052"}],"wp:featuredmedia":[{"embeddable":true,"href":"https:\/\/www.foreverqueenbrand.com\/tr\/wp-json\/wp\/v2\/media\/15045"}],"wp:attachment":[{"href":"https:\/\/www.foreverqueenbrand.com\/tr\/wp-json\/wp\/v2\/media?parent=15052"}],"wp:term":[{"taxonomy":"product_brand","embeddable":true,"href":"https:\/\/www.foreverqueenbrand.com\/tr\/wp-json\/wp\/v2\/product_brand?post=15052"},{"taxonomy":"product_cat","embeddable":true,"href":"https:\/\/www.foreverqueenbrand.com\/tr\/wp-json\/wp\/v2\/product_cat?post=15052"},{"taxonomy":"product_tag","embeddable":true,"href":"https:\/\/www.foreverqueenbrand.com\/tr\/wp-json\/wp\/v2\/product_tag?post=15052"}],"curies":[{"name":"wp","href":"https:\/\/api.w.org\/{rel}","templated":true}]}}