{"id":15300,"date":"2026-04-18T09:52:28","date_gmt":"2026-04-18T09:52:28","guid":{"rendered":"https:\/\/www.foreverqueenbrand.com\/product\/mules-bella-red-varnish\/"},"modified":"2026-04-18T09:57:05","modified_gmt":"2026-04-18T09:57:05","slug":"mules-bella-red-varnish","status":"publish","type":"product","link":"https:\/\/www.foreverqueenbrand.com\/tr\/urun\/mules-bella-red-varnish\/","title":{"rendered":"TERL\u0130K BELLA KIRMIZI VERN\u0130K"},"content":{"rendered":"<p>Terlikler, \u00e7arp\u0131c\u0131 bir g\u00f6r\u00fcn\u00fcm i\u00e7in konfordan \u00f6d\u00fcn vermek istemeyen kad\u0131nlar\u0131n tercihidir.<\/p>\n<p>Forever Queen, k\u0131rm\u0131z\u0131 rugan deri bir model sunuyor.<\/p>\n<p>Bu terlikler, hem resmi hem de g\u00fcnl\u00fck g\u00f6r\u00fcn\u00fcmlerin m\u00fckemmel tamamlay\u0131c\u0131s\u0131 olacak.<\/p>\n<p>Geni\u015f beden yelpazemiz, bir\u00e7ok kad\u0131n\u0131n ihtiya\u00e7lar\u0131n\u0131 kar\u015f\u0131layacakt\u0131r.<\/p>\n<p>Topuk m\u00fckemmel bir \u015fekilde dengelenmi\u015ftir ve uzun s\u00fcreli destek sa\u011flar.<\/p>\n<p>Ekibimiz kaliteye \u00f6zel \u00f6nem vermektedir. Hem normal hem de dar geni\u015flikler i\u00e7in tam beden bir model sunuyoruz. Daha do\u011fru bir uyum i\u00e7in, ayak uzunlu\u011funuzu \u00f6l\u00e7menizi ve beden tablomuzla kar\u015f\u0131la\u015ft\u0131rman\u0131z\u0131 \u00f6neririz.<\/p>\n<p>Kendi b\u00fcnyemizde \u00fcretilen, iyi tasarlanm\u0131\u015f kal\u0131p, ayakkab\u0131lar\u0131m\u0131zda g\u00fcn boyu kendinizi g\u00fcvende ve rahat hissetmenizi sa\u011flayacakt\u0131r.<\/p>\n<p>Bug\u00fcn sipari\u015f verin ve ger\u00e7ek bir krali\u00e7e olun!<\/p>\n","protected":false},"excerpt":{"rendered":"<table style=\"border-collapse: collapse; width: 931px; height: 125px;\" border=\"1\">\n<tbody>\n<tr>\n<td style=\"width: 36.2826%; text-align: left;\"><strong><span style=\"color: #887568;\">TOPUK Y\u00dcKSEKLI\u0307\u011eI\u0307<\/span> <\/strong><\/td>\n<td style=\"width: 63.7174%; text-align: left;\"><span style=\"color: #887568;\">10 cm.<\/span><\/td>\n<\/tr>\n<tr>\n<td style=\"width: 36.2826%; text-align: left;\"><strong><span style=\"color: #887568;\">SEZON<\/span><\/strong><\/td>\n<td style=\"width: 63.7174%; text-align: left;\"><span style=\"color: #887568;\">ilkbahar yaz sonbahar<\/span><\/td>\n<\/tr>\n<tr>\n<td style=\"width: 36.2826%; text-align: left;\"><strong><span style=\"color: #887568;\">\u00dcST MALZEME<\/span><\/strong><\/td>\n<td style=\"width: 63.7174%; text-align: left;\">Hakiki Deri<\/td>\n<\/tr>\n<tr>\n<td style=\"width: 36.2826%; text-align: left;\"><strong><span style=\"color: #887568;\">AYAKKABI ASTAR MALZEMESI<\/span><\/strong><\/td>\n<td style=\"width: 63.7174%; text-align: left;\"><span style=\"color: #887568;\">hakiki deri<\/span><\/td>\n<\/tr>\n<tr>\n<td style=\"width: 36.2826%; text-align: left;\"><strong><span style=\"color: #887568;\">DI\u015e TABAN MALZEMESI<\/span><\/strong><\/td>\n<td style=\"width: 63.7174%; text-align: left;\"><span style=\"color: #887568;\">kau\u00e7uk<\/span><\/td>\n<\/tr>\n<\/tbody>\n<\/table>\n","protected":false},"featured_media":15278,"comment_status":"closed","ping_status":"closed","template":"","meta":[],"product_brand":[],"product_cat":[93,64],"product_tag":[],"class_list":{"0":"post-15300","1":"product","2":"type-product","3":"status-publish","4":"has-post-thumbnail","6":"product_cat-terlik","7":"product_cat-tum-urunler","9":"first","10":"instock","11":"shipping-taxable","12":"purchasable","13":"product-type-variable","14":"has-default-attributes"},"_links":{"self":[{"href":"https:\/\/www.foreverqueenbrand.com\/tr\/wp-json\/wp\/v2\/product\/15300","targetHints":{"allow":["GET"]}}],"collection":[{"href":"https:\/\/www.foreverqueenbrand.com\/tr\/wp-json\/wp\/v2\/product"}],"about":[{"href":"https:\/\/www.foreverqueenbrand.com\/tr\/wp-json\/wp\/v2\/types\/product"}],"replies":[{"embeddable":true,"href":"https:\/\/www.foreverqueenbrand.com\/tr\/wp-json\/wp\/v2\/comments?post=15300"}],"wp:featuredmedia":[{"embeddable":true,"href":"https:\/\/www.foreverqueenbrand.com\/tr\/wp-json\/wp\/v2\/media\/15278"}],"wp:attachment":[{"href":"https:\/\/www.foreverqueenbrand.com\/tr\/wp-json\/wp\/v2\/media?parent=15300"}],"wp:term":[{"taxonomy":"product_brand","embeddable":true,"href":"https:\/\/www.foreverqueenbrand.com\/tr\/wp-json\/wp\/v2\/product_brand?post=15300"},{"taxonomy":"product_cat","embeddable":true,"href":"https:\/\/www.foreverqueenbrand.com\/tr\/wp-json\/wp\/v2\/product_cat?post=15300"},{"taxonomy":"product_tag","embeddable":true,"href":"https:\/\/www.foreverqueenbrand.com\/tr\/wp-json\/wp\/v2\/product_tag?post=15300"}],"curies":[{"name":"wp","href":"https:\/\/api.w.org\/{rel}","templated":true}]}}