{"id":15414,"date":"2026-04-22T11:44:04","date_gmt":"2026-04-22T11:44:04","guid":{"rendered":"https:\/\/www.foreverqueenbrand.com\/product\/mules-amalia-beige-varnish\/"},"modified":"2026-04-22T11:52:53","modified_gmt":"2026-04-22T11:52:53","slug":"mules-amalia-beige-varnish","status":"publish","type":"product","link":"https:\/\/www.foreverqueenbrand.com\/tr\/urun\/mules-amalia-beige-varnish\/","title":{"rendered":"TERL\u0130K  AMALIA BEJ VERN\u0130K"},"content":{"rendered":"<p>Forever Queen&#8217;in ustalar\u0131 bu terlikleri \u00fcretmek i\u00e7in bej rugan deri se\u00e7ti.<br \/>\nBu \u00e7ok y\u00f6nl\u00fc model hem ofis hem de ak\u015fam giyimi i\u00e7in m\u00fckemmeldir.<\/p>\n<p>\u2022 Geni\u015f beden yelpazesi, \u00e7ok \u00e7e\u015fitli kad\u0131nlar\u0131n ihtiya\u00e7lar\u0131n\u0131 kar\u015f\u0131layacakt\u0131r.<\/p>\n<p>\u2022 Topuk m\u00fckemmel bir \u015fekilde dengelenmi\u015ftir ve uzun s\u00fcreli destek sa\u011flar.<\/p>\n<p>\u2022 Hem standart hem de dar geni\u015flikler i\u00e7in tam beden bir model olu\u015fturduk. Daha do\u011fru bir uyum i\u00e7in, aya\u011f\u0131n\u0131z\u0131 \u00f6l\u00e7menizi ve beden tablomuzla kar\u015f\u0131la\u015ft\u0131rman\u0131z\u0131 \u00f6neririz.<\/p>\n<p>\u2022 Y\u0131llar\u0131n deneyimiyle geli\u015ftirilen terliklerimizin kal\u0131b\u0131, kendinizi g\u00fcvende ve rahat hissetmenizi sa\u011flayacakt\u0131r.<\/p>\n<p>Bug\u00fcn sipari\u015f verin ve ger\u00e7ek bir krali\u00e7e olun!<\/p>\n","protected":false},"excerpt":{"rendered":"<table style=\"border-collapse: collapse; width: 931px; height: 125px;\" border=\"1\">\n<tbody>\n<tr>\n<td style=\"width: 36.2826%; text-align: left;\"><strong>TOPUK Y\u00dcKSEKLI\u0307\u011eI\u0307 <\/strong><\/td>\n<td style=\"width: 63.7174%; text-align: left;\"><span style=\"color: #887568;\">10 cm.<\/span><\/td>\n<\/tr>\n<tr>\n<td style=\"width: 36.2826%; text-align: left;\"><strong>SEZON<\/strong><\/td>\n<td style=\"width: 63.7174%; text-align: left;\">ilkbahar yaz sonbahar<\/td>\n<\/tr>\n<tr>\n<td style=\"width: 36.2826%; text-align: left;\"><strong>\u00dcST MALZEME<\/strong><\/td>\n<td style=\"width: 63.7174%; text-align: left;\">Hakiki Deri<\/td>\n<\/tr>\n<tr>\n<td style=\"width: 36.2826%; text-align: left;\"><strong>AYAKKABI ASTAR MALZEMESI<\/strong><\/td>\n<td style=\"width: 63.7174%; text-align: left;\">hakiki deri<\/td>\n<\/tr>\n<tr>\n<td style=\"width: 36.2826%; text-align: left;\"><strong>DI\u015e TABAN MALZEMESI<\/strong><\/td>\n<td style=\"width: 63.7174%; text-align: left;\"><span style=\"color: #887568;\">kau\u00e7uk<\/span><\/td>\n<\/tr>\n<\/tbody>\n<\/table>\n","protected":false},"featured_media":15392,"comment_status":"closed","ping_status":"closed","template":"","meta":[],"product_brand":[],"product_cat":[93,64],"product_tag":[],"class_list":{"0":"post-15414","1":"product","2":"type-product","3":"status-publish","4":"has-post-thumbnail","6":"product_cat-terlik","7":"product_cat-tum-urunler","9":"first","10":"instock","11":"shipping-taxable","12":"purchasable","13":"product-type-variable"},"_links":{"self":[{"href":"https:\/\/www.foreverqueenbrand.com\/tr\/wp-json\/wp\/v2\/product\/15414","targetHints":{"allow":["GET"]}}],"collection":[{"href":"https:\/\/www.foreverqueenbrand.com\/tr\/wp-json\/wp\/v2\/product"}],"about":[{"href":"https:\/\/www.foreverqueenbrand.com\/tr\/wp-json\/wp\/v2\/types\/product"}],"replies":[{"embeddable":true,"href":"https:\/\/www.foreverqueenbrand.com\/tr\/wp-json\/wp\/v2\/comments?post=15414"}],"wp:featuredmedia":[{"embeddable":true,"href":"https:\/\/www.foreverqueenbrand.com\/tr\/wp-json\/wp\/v2\/media\/15392"}],"wp:attachment":[{"href":"https:\/\/www.foreverqueenbrand.com\/tr\/wp-json\/wp\/v2\/media?parent=15414"}],"wp:term":[{"taxonomy":"product_brand","embeddable":true,"href":"https:\/\/www.foreverqueenbrand.com\/tr\/wp-json\/wp\/v2\/product_brand?post=15414"},{"taxonomy":"product_cat","embeddable":true,"href":"https:\/\/www.foreverqueenbrand.com\/tr\/wp-json\/wp\/v2\/product_cat?post=15414"},{"taxonomy":"product_tag","embeddable":true,"href":"https:\/\/www.foreverqueenbrand.com\/tr\/wp-json\/wp\/v2\/product_tag?post=15414"}],"curies":[{"name":"wp","href":"https:\/\/api.w.org\/{rel}","templated":true}]}}