{"id":15449,"date":"2026-04-22T11:59:11","date_gmt":"2026-04-22T11:59:11","guid":{"rendered":"https:\/\/www.foreverqueenbrand.com\/product\/mules-amalia-black-varnish\/"},"modified":"2026-04-22T12:09:11","modified_gmt":"2026-04-22T12:09:11","slug":"mules-amalia-black-varnish","status":"publish","type":"product","link":"https:\/\/www.foreverqueenbrand.com\/tr\/urun\/mules-amalia-black-varnish\/","title":{"rendered":"TERL\u0130K AMALIA S\u0130YAH VERN\u0130K"},"content":{"rendered":"<p>Forever Queen&#8217;in ustalar\u0131 bu terlikleri yaratmak i\u00e7in hakiki siyah rugan deri se\u00e7ti. Burun k\u0131sm\u0131ndaki kristal s\u00fcslemeler \u015f\u0131kl\u0131k kat\u0131yor.<\/p>\n<p>Bu \u00e7ok y\u00f6nl\u00fc model hem ofis hem de gece k\u0131yafetleri i\u00e7in m\u00fckemmeldir.<\/p>\n<p>\u2022 Geni\u015f beden yelpazesi, \u00e7ok \u00e7e\u015fitli kad\u0131nlar\u0131n ihtiya\u00e7lar\u0131n\u0131 kar\u015f\u0131layacakt\u0131r.<\/p>\n<p>\u2022 Topuk m\u00fckemmel bir \u015fekilde dengelenmi\u015ftir ve uzun s\u00fcreli destek sa\u011flar.<\/p>\n<p>\u2022 Hem standart hem de dar geni\u015flikler i\u00e7in tam beden bir model olu\u015fturduk. Daha do\u011fru bir uyum i\u00e7in, ayak uzunlu\u011funuzu \u00f6l\u00e7menizi ve beden tablomuzla kar\u015f\u0131la\u015ft\u0131rman\u0131z\u0131 \u00f6neririz.<\/p>\n<p>\u2022 Y\u0131llar\u0131n deneyimiyle geli\u015ftirilen terliklerimizin kal\u0131b\u0131, g\u00fcven ve konfor sa\u011flayacakt\u0131r.<\/p>\n<p>Bug\u00fcn sipari\u015f verin ve ger\u00e7ek bir krali\u00e7e olun!<\/p>\n","protected":false},"excerpt":{"rendered":"<table style=\"border-collapse: collapse; width: 931px; height: 125px;\" border=\"1\">\n<tbody>\n<tr>\n<td style=\"width: 36.2826%; text-align: left;\"><strong>TOPUK Y\u00dcKSEKLI\u0307\u011eI\u0307 <\/strong><\/td>\n<td style=\"width: 63.7174%; text-align: left;\">10 cm.<\/td>\n<\/tr>\n<tr>\n<td style=\"width: 36.2826%; text-align: left;\"><strong>SEZON<\/strong><\/td>\n<td style=\"width: 63.7174%; text-align: left;\">ilkbahar yaz sonbahar<\/td>\n<\/tr>\n<tr>\n<td style=\"width: 36.2826%; text-align: left;\"><strong>\u00dcST MALZEME<\/strong><\/td>\n<td style=\"width: 63.7174%; text-align: left;\">Hakiki Deri<\/td>\n<\/tr>\n<tr>\n<td style=\"width: 36.2826%; text-align: left;\"><strong>AYAKKABI ASTAR MALZEMESI<\/strong><\/td>\n<td style=\"width: 63.7174%; text-align: left;\">hakiki deri<\/td>\n<\/tr>\n<tr>\n<td style=\"width: 36.2826%; text-align: left;\"><strong>DI\u015e TABAN MALZEMESI<\/strong><\/td>\n<td style=\"width: 63.7174%; text-align: left;\">kau\u00e7uk<\/td>\n<\/tr>\n<\/tbody>\n<\/table>\n","protected":false},"featured_media":15428,"comment_status":"closed","ping_status":"closed","template":"","meta":[],"product_brand":[],"product_cat":[93,64],"product_tag":[],"class_list":{"0":"post-15449","1":"product","2":"type-product","3":"status-publish","4":"has-post-thumbnail","6":"product_cat-terlik","7":"product_cat-tum-urunler","9":"first","10":"instock","11":"shipping-taxable","12":"purchasable","13":"product-type-variable"},"_links":{"self":[{"href":"https:\/\/www.foreverqueenbrand.com\/tr\/wp-json\/wp\/v2\/product\/15449","targetHints":{"allow":["GET"]}}],"collection":[{"href":"https:\/\/www.foreverqueenbrand.com\/tr\/wp-json\/wp\/v2\/product"}],"about":[{"href":"https:\/\/www.foreverqueenbrand.com\/tr\/wp-json\/wp\/v2\/types\/product"}],"replies":[{"embeddable":true,"href":"https:\/\/www.foreverqueenbrand.com\/tr\/wp-json\/wp\/v2\/comments?post=15449"}],"wp:featuredmedia":[{"embeddable":true,"href":"https:\/\/www.foreverqueenbrand.com\/tr\/wp-json\/wp\/v2\/media\/15428"}],"wp:attachment":[{"href":"https:\/\/www.foreverqueenbrand.com\/tr\/wp-json\/wp\/v2\/media?parent=15449"}],"wp:term":[{"taxonomy":"product_brand","embeddable":true,"href":"https:\/\/www.foreverqueenbrand.com\/tr\/wp-json\/wp\/v2\/product_brand?post=15449"},{"taxonomy":"product_cat","embeddable":true,"href":"https:\/\/www.foreverqueenbrand.com\/tr\/wp-json\/wp\/v2\/product_cat?post=15449"},{"taxonomy":"product_tag","embeddable":true,"href":"https:\/\/www.foreverqueenbrand.com\/tr\/wp-json\/wp\/v2\/product_tag?post=15449"}],"curies":[{"name":"wp","href":"https:\/\/api.w.org\/{rel}","templated":true}]}}