{"id":3696,"date":"2024-06-24T20:34:43","date_gmt":"2024-06-24T20:34:43","guid":{"rendered":"https:\/\/www.foreverqueenbrand.com\/product\/womens-genuine-leather-shoes-in-black-color-with-lace-up-and-high-heels\/"},"modified":"2026-01-14T18:11:53","modified_gmt":"2026-01-14T18:11:53","slug":"womens-genuine-leather-shoes-in-black-color-with-lace-up-and-high-heels","status":"publish","type":"product","link":"https:\/\/www.foreverqueenbrand.com\/tr\/urun\/womens-genuine-leather-shoes-in-black-color-with-lace-up-and-high-heels\/","title":{"rendered":"AYAKKABI QUEEN BA\u011eCIKLI"},"content":{"rendered":"<p>Forever Queen ustalar\u0131, bu modeli yaratmak i\u00e7in evrensel siyah renkte hakiki deri se\u00e7ti. Yanlardaki ba\u011fc\u0131klar ve desenli kesimler dekoratif ama\u00e7l\u0131d\u0131r. Bu ikili, her t\u00fcrl\u00fc g\u00f6r\u00fcn\u00fcme harika bir katk\u0131 sa\u011flayacak.<\/p>\n<p>Bu ikili hem resmi bir i\u015f k\u0131yafetiyle hem de bir gece elbisesiyle rahatl\u0131kla uyum sa\u011flayacakt\u0131r.<\/p>\n<p>Tasar\u0131mc\u0131lar\u0131m\u0131z, m\u00fckemmel denge sa\u011flayan ve ideal ayak deste\u011fi sunan d\u00fcz topuklu bir model geli\u015ftirdi.<br \/>\nStandart ve dar ayak \u00f6l\u00e7\u00fcs\u00fcne uygun bir \u00e7ift ayakkab\u0131 \u00fcrettik ve daha do\u011fru bir beden se\u00e7imi i\u00e7in ayak uzunlu\u011funuzu \u00f6l\u00e7menizi ve beden tablomuzla kar\u015f\u0131la\u015ft\u0131rman\u0131z\u0131 \u00f6neririz.<br \/>\nUzun y\u0131llar\u0131n deneyiminin sonucu olarak geli\u015ftirilen ayakkab\u0131 modellerimizin kal\u0131b\u0131, kendinizi g\u00fcvende hissetmenizi ve giyerken rahatl\u0131k sa\u011flaman\u0131z\u0131 sa\u011flayacakt\u0131r.<br \/>\nBug\u00fcn sipari\u015f verin ve ger\u00e7ek bir krali\u00e7e olun.<\/p>\n","protected":false},"excerpt":{"rendered":"<table style=\"border-collapse: collapse; width: 930px; height: 135px;\" border=\"1\">\n<tbody>\n<tr>\n<td style=\"width: 36.2826%;\"><strong><span style=\"color: #887568;\">TOPUK Y\u00dcKSEKLI\u0307\u011eI\u0307<\/span> <\/strong><\/td>\n<td style=\"width: 63.7174%;\"><span style=\"color: #887568;\">12 cm.<\/span><\/td>\n<\/tr>\n<tr>\n<td style=\"width: 36.2826%; text-align: left;\"><strong><span style=\"color: #887568;\">SEZON<\/span><\/strong><\/td>\n<td style=\"width: 63.7174%; text-align: left;\"><span style=\"color: #887568;\">ilkbahar yaz sonbahar<\/span><\/td>\n<\/tr>\n<tr>\n<td style=\"width: 36.2826%; text-align: left;\"><strong><span style=\"color: #887568;\">\u00dcST MALZEMEGer\u00e7ek Deri<\/span><\/strong><\/td>\n<td style=\"width: 63.7174%; text-align: left;\">Hakiki Deri<\/td>\n<\/tr>\n<tr>\n<td style=\"width: 36.2826%; text-align: left;\"><strong><span style=\"color: #887568;\">AYAKKABI ASTAR MALZEMESI<\/span><\/strong><\/td>\n<td style=\"width: 63.7174%; text-align: left;\"><span style=\"color: #887568;\">hakiki deri<\/span><\/td>\n<\/tr>\n<tr>\n<td style=\"width: 36.2826%; text-align: left;\"><strong><span style=\"color: #887568;\">DI\u015e TABAN MALZEMESI<\/span><\/strong><\/td>\n<td style=\"width: 63.7174%; text-align: left;\"><span style=\"color: #887568;\">kau\u00e7uk<\/span><\/td>\n<\/tr>\n<\/tbody>\n<\/table>\n","protected":false},"featured_media":14742,"comment_status":"closed","ping_status":"closed","template":"","meta":[],"product_brand":[],"product_cat":[65,129,64],"product_tag":[],"class_list":{"0":"post-3696","1":"product","2":"type-product","3":"status-publish","4":"has-post-thumbnail","6":"product_cat-ayakkabilar","7":"product_cat-indirim","8":"product_cat-tum-urunler","10":"first","11":"instock","12":"sale","13":"shipping-taxable","14":"purchasable","15":"product-type-variable","16":"has-default-attributes"},"_links":{"self":[{"href":"https:\/\/www.foreverqueenbrand.com\/tr\/wp-json\/wp\/v2\/product\/3696","targetHints":{"allow":["GET"]}}],"collection":[{"href":"https:\/\/www.foreverqueenbrand.com\/tr\/wp-json\/wp\/v2\/product"}],"about":[{"href":"https:\/\/www.foreverqueenbrand.com\/tr\/wp-json\/wp\/v2\/types\/product"}],"replies":[{"embeddable":true,"href":"https:\/\/www.foreverqueenbrand.com\/tr\/wp-json\/wp\/v2\/comments?post=3696"}],"wp:featuredmedia":[{"embeddable":true,"href":"https:\/\/www.foreverqueenbrand.com\/tr\/wp-json\/wp\/v2\/media\/14742"}],"wp:attachment":[{"href":"https:\/\/www.foreverqueenbrand.com\/tr\/wp-json\/wp\/v2\/media?parent=3696"}],"wp:term":[{"taxonomy":"product_brand","embeddable":true,"href":"https:\/\/www.foreverqueenbrand.com\/tr\/wp-json\/wp\/v2\/product_brand?post=3696"},{"taxonomy":"product_cat","embeddable":true,"href":"https:\/\/www.foreverqueenbrand.com\/tr\/wp-json\/wp\/v2\/product_cat?post=3696"},{"taxonomy":"product_tag","embeddable":true,"href":"https:\/\/www.foreverqueenbrand.com\/tr\/wp-json\/wp\/v2\/product_tag?post=3696"}],"curies":[{"name":"wp","href":"https:\/\/api.w.org\/{rel}","templated":true}]}}