{"id":4331,"date":"2024-09-19T20:33:59","date_gmt":"2024-09-19T20:33:59","guid":{"rendered":"https:\/\/www.foreverqueenbrand.com\/product\/over-the-knee-boots-made-of-genuine-suede-in-black\/"},"modified":"2026-01-15T17:58:21","modified_gmt":"2026-01-15T17:58:21","slug":"over-the-knee-boots-made-of-genuine-suede-in-black","status":"publish","type":"product","link":"https:\/\/www.foreverqueenbrand.com\/tr\/urun\/over-the-knee-boots-made-of-genuine-suede-in-black\/","title":{"rendered":"Y\u00dcKSEK \u00c7IZMELER OLIVIA S\u0130YAH S\u00dcET"},"content":{"rendered":"<p>Forever Queen&#8217;in ustalar\u0131, rahat uyuma odaklanarak bu diz \u00fcst\u00fc \u00e7izmelerini yumu\u015fak, hakiki siyah s\u00fcetten \u00fcrettiler.<\/p>\n<p>Daralan burunlu ayakkab\u0131lar mini etek g\u00f6r\u00fcn\u00fcm\u00fcn\u00fcn temel bir par\u00e7as\u0131 veya daha sade bir tak\u0131m elbiseye basit bir ek olabilir.<\/p>\n<p>Bilek hizas\u0131ndaki versiyonu hakiki s\u00fcetten, bald\u0131r k\u0131sm\u0131 ise elastan ilaveli kadifemsi kuma\u015ftan \u00fcretilmi\u015f olup, malzemenin esneyip tam oturmas\u0131n\u0131 sa\u011fl\u0131yor.<\/p>\n<p>Sa\u011flam topuk m\u00fckemmel bir dengeye sahiptir ve aya\u011f\u0131 destekler.<\/p>\n<p>Kau\u00e7uk taban sa\u011flam bir uyum sa\u011flar, hafif ve yumu\u015fakt\u0131r.<\/p>\n<p>Normal ve dar kal\u0131plar i\u00e7in birebir \u00f6l\u00e7\u00fclerde modeller sunuyoruz, ancak daha do\u011fru bir uyum i\u00e7in ayak uzunlu\u011funuzu \u00f6l\u00e7\u00fcp beden tablomuzla kar\u015f\u0131la\u015ft\u0131rman\u0131z\u0131 \u00f6neririz.<\/p>\n<p>Maksimum konfor sa\u011flamak i\u00e7in seri \u00fcretime ge\u00e7meden \u00f6nce her yeni kal\u0131b\u0131 bir ay boyunca test ediyoruz.<br \/>\nHemen sipari\u015f verin ve \u015f\u0131k bir sonbahar\u0131n tad\u0131n\u0131 \u00e7\u0131kar\u0131n!<\/p>\n","protected":false},"excerpt":{"rendered":"<table style=\"border-collapse: collapse; width: 941px; height: 138px;\" border=\"1\">\n<tbody>\n<tr>\n<td style=\"width: 36.2826%;\"><strong><span style=\"color: #887568;\">TOPUK Y\u00dcKSEKLI\u0307\u011eI\u03077<\/span><\/strong><\/td>\n<td style=\"width: 63.7174%;\"><span style=\"color: #887568;\"> 12 cm.<\/span><\/td>\n<\/tr>\n<tr>\n<td style=\"width: 36.2826%; text-align: left;\"><strong><span style=\"color: #887568;\">SEZON<\/span><\/strong><\/td>\n<td style=\"width: 63.7174%; text-align: left;\"><span style=\"color: #887568;\">ilkbahar sonbahar<\/span><\/td>\n<\/tr>\n<tr>\n<td style=\"width: 36.2826%; text-align: left;\"><strong><span style=\"color: #887568;\">\u00dcST MALZEME<\/span><\/strong><\/td>\n<td style=\"width: 63.7174%; text-align: left;\">Hakiki S\u00fcet<\/td>\n<\/tr>\n<tr>\n<td style=\"width: 36.2826%; text-align: left;\"><strong><span style=\"color: #887568;\">AYAKKABI ASTAR MALZEMESI<\/span><\/strong><\/td>\n<td style=\"width: 63.7174%; text-align: left;\"><span style=\"color: #887568;\">hakiki deri<\/span><\/td>\n<\/tr>\n<tr>\n<td style=\"width: 36.2826%; text-align: left;\"><strong><span style=\"color: #887568;\">DI\u015e TABAN MALZEMESI<\/span><\/strong><\/td>\n<td style=\"width: 63.7174%; text-align: left;\"><span style=\"color: #887568;\">kau\u00e7uk<\/span><\/td>\n<\/tr>\n<\/tbody>\n<\/table>\n","protected":false},"featured_media":4318,"comment_status":"closed","ping_status":"closed","template":"","meta":[],"product_brand":[],"product_cat":[129,64,107],"product_tag":[],"class_list":{"0":"post-4331","1":"product","2":"type-product","3":"status-publish","4":"has-post-thumbnail","6":"product_cat-indirim","7":"product_cat-tum-urunler","8":"product_cat-cizme","10":"first","11":"instock","12":"sale","13":"shipping-taxable","14":"purchasable","15":"product-type-variable"},"_links":{"self":[{"href":"https:\/\/www.foreverqueenbrand.com\/tr\/wp-json\/wp\/v2\/product\/4331","targetHints":{"allow":["GET"]}}],"collection":[{"href":"https:\/\/www.foreverqueenbrand.com\/tr\/wp-json\/wp\/v2\/product"}],"about":[{"href":"https:\/\/www.foreverqueenbrand.com\/tr\/wp-json\/wp\/v2\/types\/product"}],"replies":[{"embeddable":true,"href":"https:\/\/www.foreverqueenbrand.com\/tr\/wp-json\/wp\/v2\/comments?post=4331"}],"wp:featuredmedia":[{"embeddable":true,"href":"https:\/\/www.foreverqueenbrand.com\/tr\/wp-json\/wp\/v2\/media\/4318"}],"wp:attachment":[{"href":"https:\/\/www.foreverqueenbrand.com\/tr\/wp-json\/wp\/v2\/media?parent=4331"}],"wp:term":[{"taxonomy":"product_brand","embeddable":true,"href":"https:\/\/www.foreverqueenbrand.com\/tr\/wp-json\/wp\/v2\/product_brand?post=4331"},{"taxonomy":"product_cat","embeddable":true,"href":"https:\/\/www.foreverqueenbrand.com\/tr\/wp-json\/wp\/v2\/product_cat?post=4331"},{"taxonomy":"product_tag","embeddable":true,"href":"https:\/\/www.foreverqueenbrand.com\/tr\/wp-json\/wp\/v2\/product_tag?post=4331"}],"curies":[{"name":"wp","href":"https:\/\/api.w.org\/{rel}","templated":true}]}}