{"id":4584,"date":"2024-09-28T09:27:19","date_gmt":"2024-09-28T09:27:19","guid":{"rendered":"https:\/\/www.foreverqueenbrand.com\/product\/womens-shoes-in-red-patent-leather-with-straps\/"},"modified":"2025-12-13T16:58:34","modified_gmt":"2025-12-13T16:58:34","slug":"womens-shoes-in-red-patent-leather-with-straps","status":"publish","type":"product","link":"https:\/\/www.foreverqueenbrand.com\/tr\/urun\/womens-shoes-in-red-patent-leather-with-straps\/","title":{"rendered":"AYAKKABI QUEEN KIRMIZI PARLAK DER\u0130, KAYI\u015eLI"},"content":{"rendered":"<p>Ayakkab\u0131lar, ayakkab\u0131 dolab\u0131ndaki en \u00e7ok y\u00f6nl\u00fc par\u00e7alardan biridir.<\/p>\n<p>Forever Queen, muhte\u015fem kay\u0131\u015flara sahip hakiki rugan deriden \u00fcretilmi\u015f bir model sunuyor.<\/p>\n<p>Bir \u00e7ift sandalet, \u015f\u0131k bir g\u00f6r\u00fcn\u00fcme harika bir katk\u0131 sa\u011flayacak ve en cesur k\u0131zlar sandaletleri g\u00fcnl\u00fck bir k\u0131yafetin i\u00e7ine entegre edecekler.<\/p>\n<p>Geni\u015f bir beden yelpazesi \u00e7e\u015fitli k\u0131zlar\u0131n ihtiya\u00e7lar\u0131n\u0131 kar\u015f\u0131layacakt\u0131r.<br \/>\nTopuk m\u00fckemmel bir \u015fekilde dengelenmi\u015ftir, bu da aya\u011f\u0131n uzun s\u00fcre desteklenece\u011fi anlam\u0131na gelir.<br \/>\nEkibimiz kaliteye \u00f6zel \u00f6nem vermektedir. Standart ve dar geni\u015flikteki bir ayak i\u00e7in bedene uyan bir model sunuyoruz ve daha do\u011fru bir beden se\u00e7imi i\u00e7in aya\u011f\u0131n\u0131z\u0131n uzunlu\u011funu \u00f6l\u00e7menizi ve beden tablomuzla kar\u015f\u0131la\u015ft\u0131rman\u0131z\u0131 \u00f6neririz.<br \/>\n\u00dcretimimizde yap\u0131lan iyi d\u00fc\u015f\u00fcn\u00fclm\u00fc\u015f bir son, g\u00fcn boyunca modellerimizde kendinizi g\u00fcvende ve rahat hissetmenizi sa\u011flayacakt\u0131r.<br \/>\nOnlar\u0131 bug\u00fcn sipari\u015f edin ve ger\u00e7ek bir krali\u00e7e olun! <\/p>\n","protected":false},"excerpt":{"rendered":"<table style=\"border-collapse: collapse; width: 930px; height: 135px;\" border=\"1\">\n<tbody>\n<tr>\n<td style=\"width: 36.2826%;\"><strong><span style=\"color: #887568;\">TOPUK Y\u00dcKSEKLI\u0307\u011eI\u0307<\/span> <\/strong><\/td>\n<td style=\"width: 63.7174%;\"><span style=\"color: #887568;\">12 cm.<\/span><\/td>\n<\/tr>\n<tr>\n<td style=\"width: 36.2826%; text-align: left;\"><strong><span style=\"color: #887568;\">SEZON<\/span><\/strong><\/td>\n<td style=\"width: 63.7174%; text-align: left;\"><span style=\"color: #887568;\">ilkbahar yaz sonbahar<\/span><\/td>\n<\/tr>\n<tr>\n<td style=\"width: 36.2826%; text-align: left;\"><strong><span style=\"color: #887568;\">\u00dcST MALZEMEGer\u00e7ek Deri<\/span><\/strong><\/td>\n<td style=\"width: 63.7174%; text-align: left;\">Hakiki Deri<\/td>\n<\/tr>\n<tr>\n<td style=\"width: 36.2826%; text-align: left;\"><strong><span style=\"color: #887568;\">AYAKKABI ASTAR MALZEMESI<\/span><\/strong><\/td>\n<td style=\"width: 63.7174%; text-align: left;\"><span style=\"color: #887568;\">hakiki deri<\/span><\/td>\n<\/tr>\n<tr>\n<td style=\"width: 36.2826%; text-align: left;\"><strong><span style=\"color: #887568;\">DI\u015e TABAN MALZEMESI<\/span><\/strong><\/td>\n<td style=\"width: 63.7174%; text-align: left;\"><span style=\"color: #887568;\">kau\u00e7uk<\/span><\/td>\n<\/tr>\n<\/tbody>\n<\/table>\n","protected":false},"featured_media":11511,"comment_status":"closed","ping_status":"closed","template":"","meta":[],"product_brand":[],"product_cat":[65,64],"product_tag":[],"class_list":{"0":"post-4584","1":"product","2":"type-product","3":"status-publish","4":"has-post-thumbnail","6":"product_cat-ayakkabilar","7":"product_cat-tum-urunler","9":"first","10":"instock","11":"shipping-taxable","12":"purchasable","13":"product-type-variable"},"_links":{"self":[{"href":"https:\/\/www.foreverqueenbrand.com\/tr\/wp-json\/wp\/v2\/product\/4584","targetHints":{"allow":["GET"]}}],"collection":[{"href":"https:\/\/www.foreverqueenbrand.com\/tr\/wp-json\/wp\/v2\/product"}],"about":[{"href":"https:\/\/www.foreverqueenbrand.com\/tr\/wp-json\/wp\/v2\/types\/product"}],"replies":[{"embeddable":true,"href":"https:\/\/www.foreverqueenbrand.com\/tr\/wp-json\/wp\/v2\/comments?post=4584"}],"wp:featuredmedia":[{"embeddable":true,"href":"https:\/\/www.foreverqueenbrand.com\/tr\/wp-json\/wp\/v2\/media\/11511"}],"wp:attachment":[{"href":"https:\/\/www.foreverqueenbrand.com\/tr\/wp-json\/wp\/v2\/media?parent=4584"}],"wp:term":[{"taxonomy":"product_brand","embeddable":true,"href":"https:\/\/www.foreverqueenbrand.com\/tr\/wp-json\/wp\/v2\/product_brand?post=4584"},{"taxonomy":"product_cat","embeddable":true,"href":"https:\/\/www.foreverqueenbrand.com\/tr\/wp-json\/wp\/v2\/product_cat?post=4584"},{"taxonomy":"product_tag","embeddable":true,"href":"https:\/\/www.foreverqueenbrand.com\/tr\/wp-json\/wp\/v2\/product_tag?post=4584"}],"curies":[{"name":"wp","href":"https:\/\/api.w.org\/{rel}","templated":true}]}}