{"id":4722,"date":"2024-10-14T11:00:33","date_gmt":"2024-10-14T11:00:33","guid":{"rendered":"https:\/\/www.foreverqueenbrand.com\/product\/womens-shoes-in-genuine-black-leather-with-intertwined-straps\/"},"modified":"2025-12-13T16:56:24","modified_gmt":"2025-12-13T16:56:24","slug":"womens-shoes-in-genuine-black-leather-with-intertwined-straps","status":"publish","type":"product","link":"https:\/\/www.foreverqueenbrand.com\/tr\/urun\/womens-shoes-in-genuine-black-leather-with-intertwined-straps\/","title":{"rendered":"AYAKKABI QUEEN KAYI\u015eLI S\u0130YAH DER\u0130"},"content":{"rendered":"<p>Klasik topuklu ayakkab\u0131lar, bir ayakkab\u0131 gard\u0131robunun her zaman en \u00e7ok y\u00f6nl\u00fc par\u00e7alar\u0131ndan biridir.<\/p>\n<p>Forever Queen, hakiki siyah deriden \u00fcretilmi\u015f bir model sunuyor. The intersecting straps are a bright accent.<\/p>\n<p>Geni\u015f bir beden yelpazesi, \u00e7e\u015fitli k\u0131zlar\u0131n ihtiya\u00e7lar\u0131n\u0131 kar\u015f\u0131layacakt\u0131r.<br \/>\nTopuk m\u00fckemmel bir \u015fekilde dengelenmi\u015ftir, bu da aya\u011f\u0131n uzun s\u00fcre desteklenece\u011fi anlam\u0131na gelir.<br \/>\nStandart ve dar geni\u015flikteki bir aya\u011f\u0131n \u00f6l\u00e7\u00fcs\u00fcne uyan bir model olu\u015fturduk ve daha do\u011fru bir beden se\u00e7imi i\u00e7in aya\u011f\u0131n\u0131z\u0131n uzunlu\u011funu \u00f6l\u00e7menizi ve beden tablomuzla kar\u015f\u0131la\u015ft\u0131rman\u0131z\u0131 \u00f6neririz.<br \/>\nAyakkab\u0131 modellerimiz i\u00e7in uzun y\u0131llara dayanan deneyimler sonucunda geli\u015ftirilen taban, kendinizi g\u00fcvende hissetmenizi sa\u011flayacak ve kullan\u0131m s\u0131ras\u0131nda konfor sa\u011flayacakt\u0131r.<br \/>\nBug\u00fcn sipari\u015f verin ve ger\u00e7ek bir krali\u00e7e olun!<\/p>\n","protected":false},"excerpt":{"rendered":"<table style=\"border-collapse: collapse; width: 930px; height: 135px;\" border=\"1\">\n<tbody>\n<tr>\n<td style=\"width: 36.2826%;\"><strong><span style=\"color: #887568;\">TOPUK Y\u00dcKSEKLI\u0307\u011eI\u0307<\/span> <\/strong><\/td>\n<td style=\"width: 63.7174%;\"><span style=\"color: #887568;\">12 cm.<\/span><\/td>\n<\/tr>\n<tr>\n<td style=\"width: 36.2826%; text-align: left;\"><strong><span style=\"color: #887568;\">SEZON<\/span><\/strong><\/td>\n<td style=\"width: 63.7174%; text-align: left;\"><span style=\"color: #887568;\">ilkbahar yaz sonbahar<\/span><\/td>\n<\/tr>\n<tr>\n<td style=\"width: 36.2826%; text-align: left;\"><strong><span style=\"color: #887568;\">\u00dcST MALZEME<\/span><\/strong><\/td>\n<td style=\"width: 63.7174%; text-align: left;\">Hakiki Deri<\/td>\n<\/tr>\n<tr>\n<td style=\"width: 36.2826%; text-align: left;\"><strong><span style=\"color: #887568;\">AYAKKABI ASTAR MALZEMESI<\/span><\/strong><\/td>\n<td style=\"width: 63.7174%; text-align: left;\"><span style=\"color: #887568;\">hakiki deri<\/span><\/td>\n<\/tr>\n<tr>\n<td style=\"width: 36.2826%; text-align: left;\"><strong><span style=\"color: #887568;\">DI\u015e TABAN MALZEMESI<\/span><\/strong><\/td>\n<td style=\"width: 63.7174%; text-align: left;\"><span style=\"color: #887568;\">kau\u00e7uk<\/span><\/td>\n<\/tr>\n<\/tbody>\n<\/table>\n","protected":false},"featured_media":14585,"comment_status":"closed","ping_status":"closed","template":"","meta":[],"product_brand":[],"product_cat":[65,64],"product_tag":[],"class_list":{"0":"post-4722","1":"product","2":"type-product","3":"status-publish","4":"has-post-thumbnail","6":"product_cat-ayakkabilar","7":"product_cat-tum-urunler","9":"first","10":"instock","11":"shipping-taxable","12":"purchasable","13":"product-type-variable","14":"has-default-attributes"},"_links":{"self":[{"href":"https:\/\/www.foreverqueenbrand.com\/tr\/wp-json\/wp\/v2\/product\/4722","targetHints":{"allow":["GET"]}}],"collection":[{"href":"https:\/\/www.foreverqueenbrand.com\/tr\/wp-json\/wp\/v2\/product"}],"about":[{"href":"https:\/\/www.foreverqueenbrand.com\/tr\/wp-json\/wp\/v2\/types\/product"}],"replies":[{"embeddable":true,"href":"https:\/\/www.foreverqueenbrand.com\/tr\/wp-json\/wp\/v2\/comments?post=4722"}],"wp:featuredmedia":[{"embeddable":true,"href":"https:\/\/www.foreverqueenbrand.com\/tr\/wp-json\/wp\/v2\/media\/14585"}],"wp:attachment":[{"href":"https:\/\/www.foreverqueenbrand.com\/tr\/wp-json\/wp\/v2\/media?parent=4722"}],"wp:term":[{"taxonomy":"product_brand","embeddable":true,"href":"https:\/\/www.foreverqueenbrand.com\/tr\/wp-json\/wp\/v2\/product_brand?post=4722"},{"taxonomy":"product_cat","embeddable":true,"href":"https:\/\/www.foreverqueenbrand.com\/tr\/wp-json\/wp\/v2\/product_cat?post=4722"},{"taxonomy":"product_tag","embeddable":true,"href":"https:\/\/www.foreverqueenbrand.com\/tr\/wp-json\/wp\/v2\/product_tag?post=4722"}],"curies":[{"name":"wp","href":"https:\/\/api.w.org\/{rel}","templated":true}]}}