{"id":5183,"date":"2024-11-11T19:24:30","date_gmt":"2024-11-11T19:24:30","guid":{"rendered":"https:\/\/www.foreverqueenbrand.com\/product\/dark-brown-wave-leather-shoes\/"},"modified":"2026-01-14T18:16:16","modified_gmt":"2026-01-14T18:16:16","slug":"dark-brown-wave-leather-shoes","status":"publish","type":"product","link":"https:\/\/www.foreverqueenbrand.com\/tr\/urun\/dark-brown-wave-leather-shoes\/","title":{"rendered":"AYAKKABI QUEEN \u00c7\u0130KOLATA DALGASI"},"content":{"rendered":"<p>Klasik topuklu ayakkab\u0131lar, bir ayakkab\u0131 gard\u0131robunun her zaman en \u00e7ok y\u00f6nl\u00fc par\u00e7alar\u0131ndan biridir.<\/p>\n<p>Forever Queen, stilistik olarak 1980&#8217;lere g\u00f6nderme yapan, asil \u00e7ikolata rengi deriden \u00fcretilmi\u015f bir model sunuyor. Bu ayakkab\u0131lar, hem \u00f6zel g\u00fcnler hem de g\u00fcnl\u00fck kullan\u0131m i\u00e7in harika bir tamamlay\u0131c\u0131 olacakt\u0131r. <\/p>\n<p>Forever Queen, stilistik olarak 1980&#8217;lere g\u00f6nderme yapan, asil \u00e7ikolata rengi deriden \u00fcretilmi\u015f bir model sunuyor. Bu ayakkab\u0131lar, hem \u00f6zel g\u00fcnler hem de g\u00fcnl\u00fck kullan\u0131m i\u00e7in harika bir tamamlay\u0131c\u0131 olacakt\u0131r. Standart ve dar ayak \u00f6l\u00e7\u00fclerine uygun bir model sunuyoruz ve daha do\u011fru bir beden se\u00e7imi i\u00e7in ayak uzunlu\u011funuzu \u00f6l\u00e7menizi ve beden tablomuzla kar\u015f\u0131la\u015ft\u0131rman\u0131z\u0131 \u00f6neririz.<br \/>\nUzun y\u0131llar\u0131n deneyiminin sonucu olarak geli\u015ftirilen ayakkab\u0131 modellerimizin kal\u0131b\u0131, giyerken kendinizi g\u00fcvende hissetmenizi ve konfor sa\u011flaman\u0131z\u0131 sa\u011flayacakt\u0131r.<br \/>\nBug\u00fcn sipari\u015f verin ve ger\u00e7ek bir krali\u00e7e olun!<\/p>\n","protected":false},"excerpt":{"rendered":"<table style=\"border-collapse: collapse; width: 923px; height: 125px;\" border=\"1\">\n<tbody>\n<tr>\n<td style=\"width: 36.2826%; text-align: left;\"><strong><span style=\"color: #887568;\">TOPUK Y\u00dcKSEKLI\u0307\u011eI\u0307<\/span> <\/strong><\/td>\n<td style=\"width: 63.7174%; text-align: center;\"><span style=\"color: #887568;\">12 cm.<\/span><\/td>\n<\/tr>\n<tr>\n<td style=\"width: 36.2826%; text-align: left;\"><strong><span style=\"color: #887568;\">SEZON<\/span><\/strong><\/td>\n<td style=\"width: 63.7174%; text-align: center;\"><span style=\"color: #887568;\">ilkbahar yaz sonbahar<\/span><\/td>\n<\/tr>\n<tr>\n<td style=\"width: 36.2826%; text-align: left;\"><strong><span style=\"color: #887568;\">\u00dcST MALZEME<\/span><\/strong><\/td>\n<td style=\"width: 63.7174%; text-align: center;\"><span style=\"color: #887568;\">ger\u00e7ek deri<\/span><\/td>\n<\/tr>\n<tr>\n<td style=\"width: 36.2826%; text-align: left;\"><strong><span style=\"color: #887568;\">AYAKKABI ASTAR MALZEMESI<\/span><\/strong><\/td>\n<td style=\"width: 63.7174%; text-align: center;\"><span style=\"color: #887568;\">hakiki deri<\/span><\/td>\n<\/tr>\n<tr>\n<td style=\"width: 36.2826%; text-align: left;\"><strong><span style=\"color: #887568;\">DI\u015e TABAN MALZEMESI<\/span><\/strong><\/td>\n<td style=\"width: 63.7174%; text-align: center;\"><span style=\"color: #887568;\">kau\u00e7uk<\/span><\/td>\n<\/tr>\n<\/tbody>\n<\/table>\n","protected":false},"featured_media":14738,"comment_status":"closed","ping_status":"closed","template":"","meta":[],"product_brand":[],"product_cat":[65,129,64],"product_tag":[],"class_list":{"0":"post-5183","1":"product","2":"type-product","3":"status-publish","4":"has-post-thumbnail","6":"product_cat-ayakkabilar","7":"product_cat-indirim","8":"product_cat-tum-urunler","10":"first","11":"instock","12":"sale","13":"shipping-taxable","14":"purchasable","15":"product-type-variable"},"_links":{"self":[{"href":"https:\/\/www.foreverqueenbrand.com\/tr\/wp-json\/wp\/v2\/product\/5183","targetHints":{"allow":["GET"]}}],"collection":[{"href":"https:\/\/www.foreverqueenbrand.com\/tr\/wp-json\/wp\/v2\/product"}],"about":[{"href":"https:\/\/www.foreverqueenbrand.com\/tr\/wp-json\/wp\/v2\/types\/product"}],"replies":[{"embeddable":true,"href":"https:\/\/www.foreverqueenbrand.com\/tr\/wp-json\/wp\/v2\/comments?post=5183"}],"wp:featuredmedia":[{"embeddable":true,"href":"https:\/\/www.foreverqueenbrand.com\/tr\/wp-json\/wp\/v2\/media\/14738"}],"wp:attachment":[{"href":"https:\/\/www.foreverqueenbrand.com\/tr\/wp-json\/wp\/v2\/media?parent=5183"}],"wp:term":[{"taxonomy":"product_brand","embeddable":true,"href":"https:\/\/www.foreverqueenbrand.com\/tr\/wp-json\/wp\/v2\/product_brand?post=5183"},{"taxonomy":"product_cat","embeddable":true,"href":"https:\/\/www.foreverqueenbrand.com\/tr\/wp-json\/wp\/v2\/product_cat?post=5183"},{"taxonomy":"product_tag","embeddable":true,"href":"https:\/\/www.foreverqueenbrand.com\/tr\/wp-json\/wp\/v2\/product_tag?post=5183"}],"curies":[{"name":"wp","href":"https:\/\/api.w.org\/{rel}","templated":true}]}}