{"id":7103,"date":"2025-02-06T11:29:43","date_gmt":"2025-02-06T11:29:43","guid":{"rendered":"https:\/\/www.foreverqueenbrand.com\/product\/sandals-made-of-genuine-leather-in-beige-with-a-red-insole\/"},"modified":"2025-12-13T15:37:03","modified_gmt":"2025-12-13T15:37:03","slug":"sandals-made-of-genuine-leather-in-beige-with-a-red-insole","status":"publish","type":"product","link":"https:\/\/www.foreverqueenbrand.com\/tr\/urun\/sandals-made-of-genuine-leather-in-beige-with-a-red-insole\/","title":{"rendered":"SANDALET LOLA BEJ DER\u0130"},"content":{"rendered":"<p>Sandaletler her zaman ayakkab\u0131 gard\u0131robunun en \u00e7ok y\u00f6nl\u00fc par\u00e7alar\u0131ndan biridir.<\/p>\n<p>Forever Queen offers a model made of genuine leather in a basic beige color.<\/p>\n<p>Bir \u00e7ift, \u015fenlikli ve g\u00fcnl\u00fck bir g\u00f6r\u00fcn\u00fcme harika bir katk\u0131 sa\u011flayacakt\u0131r.<\/p>\n<p>A wide range of sizes will satisfy the needs of a variety of girls.<br \/>\nThe heel is perfectly balanced, which means that the foot will be supported for a long time.<br \/>\nOur team pays special attention to quality. We offer a model that fits the size of a standard and narrow foot, and for a more accurate selection of the size, we recommend measuring the length of your foot and comparing it with our size chart.<br \/>\nA well-thought-out last, made in our production, will allow you to feel confident and comfortable in our models throughout the day. <\/p>\n","protected":false},"excerpt":{"rendered":"<table style=\"border-collapse: collapse; width: 931px; height: 125px;\" border=\"1\">\n<tbody>\n<tr>\n<td style=\"width: 36.2826%; text-align: left;\"><strong><span style=\"color: #887568;\">TOPUK Y\u00dcKSEKLI\u0307\u011eI\u0307<\/span> <\/strong><\/td>\n<td style=\"width: 63.7174%; text-align: left;\"><span style=\"color: #887568;\">10 cm.<\/span><\/td>\n<\/tr>\n<tr>\n<td style=\"width: 36.2826%; text-align: left;\"><strong><span style=\"color: #887568;\">SEZON<\/span><\/strong><\/td>\n<td style=\"width: 63.7174%; text-align: left;\"><span style=\"color: #887568;\">ilkbahar yaz sonbahar<\/span><\/td>\n<\/tr>\n<tr>\n<td style=\"width: 36.2826%; text-align: left;\"><strong><span style=\"color: #887568;\">\u00dcST MALZEME<\/span><\/strong><\/td>\n<td style=\"width: 63.7174%; text-align: left;\">Hakiki Deri<\/td>\n<\/tr>\n<tr>\n<td style=\"width: 36.2826%; text-align: left;\"><strong><span style=\"color: #887568;\">AYAKKABI ASTAR MALZEMESI<\/span><\/strong><\/td>\n<td style=\"width: 63.7174%; text-align: left;\"><span style=\"color: #887568;\">hakiki deri<\/span><\/td>\n<\/tr>\n<tr>\n<td style=\"width: 36.2826%; text-align: left;\"><strong><span style=\"color: #887568;\">DI\u015e TABAN MALZEMESI<\/span><\/strong><\/td>\n<td style=\"width: 63.7174%; text-align: left;\"><span style=\"color: #887568;\">kau\u00e7uk<\/span><\/td>\n<\/tr>\n<\/tbody>\n<\/table>\n","protected":false},"featured_media":14235,"comment_status":"closed","ping_status":"closed","template":"","meta":[],"product_brand":[],"product_cat":[92,64],"product_tag":[],"class_list":{"0":"post-7103","1":"product","2":"type-product","3":"status-publish","4":"has-post-thumbnail","6":"product_cat-sandalet","7":"product_cat-tum-urunler","9":"first","10":"instock","11":"shipping-taxable","12":"purchasable","13":"product-type-variable","14":"has-default-attributes"},"_links":{"self":[{"href":"https:\/\/www.foreverqueenbrand.com\/tr\/wp-json\/wp\/v2\/product\/7103","targetHints":{"allow":["GET"]}}],"collection":[{"href":"https:\/\/www.foreverqueenbrand.com\/tr\/wp-json\/wp\/v2\/product"}],"about":[{"href":"https:\/\/www.foreverqueenbrand.com\/tr\/wp-json\/wp\/v2\/types\/product"}],"replies":[{"embeddable":true,"href":"https:\/\/www.foreverqueenbrand.com\/tr\/wp-json\/wp\/v2\/comments?post=7103"}],"wp:featuredmedia":[{"embeddable":true,"href":"https:\/\/www.foreverqueenbrand.com\/tr\/wp-json\/wp\/v2\/media\/14235"}],"wp:attachment":[{"href":"https:\/\/www.foreverqueenbrand.com\/tr\/wp-json\/wp\/v2\/media?parent=7103"}],"wp:term":[{"taxonomy":"product_brand","embeddable":true,"href":"https:\/\/www.foreverqueenbrand.com\/tr\/wp-json\/wp\/v2\/product_brand?post=7103"},{"taxonomy":"product_cat","embeddable":true,"href":"https:\/\/www.foreverqueenbrand.com\/tr\/wp-json\/wp\/v2\/product_cat?post=7103"},{"taxonomy":"product_tag","embeddable":true,"href":"https:\/\/www.foreverqueenbrand.com\/tr\/wp-json\/wp\/v2\/product_tag?post=7103"}],"curies":[{"name":"wp","href":"https:\/\/api.w.org\/{rel}","templated":true}]}}